{"id":2307,"date":"2025-01-27T15:22:27","date_gmt":"2025-01-27T15:22:27","guid":{"rendered":"https:\/\/northroyalrenovation.com\/?page_id=2307"},"modified":"2025-03-20T14:12:31","modified_gmt":"2025-03-20T14:12:31","slug":"demolition","status":"publish","type":"page","link":"https:\/\/northroyalrenovation.com\/fr\/demolition\/","title":{"rendered":"Demolition"},"content":{"rendered":"<div style=\"height:42px\" aria-hidden=\"true\" class=\"wp-block-spacer\"><\/div>\n\n\n\n<p class=\"has-body-text-color has-text-color has-link-color has-extra-large-font-size wp-elements-e338345394600d5001f5616e86e25b9b\">Demolition <\/p>\n\n\n\n<div class=\"wp-block-media-text is-stacked-on-mobile\"><figure class=\"wp-block-media-text__media\"><img fetchpriority=\"high\" decoding=\"async\" width=\"900\" height=\"600\" src=\"https:\/\/northroyalrenovation.com\/wp-content\/uploads\/2022\/07\/demolition-renovation-c.png\" alt=\"\" class=\"wp-image-1846 size-full\" srcset=\"https:\/\/northroyalrenovation.com\/wp-content\/uploads\/2022\/07\/demolition-renovation-c.png 900w, https:\/\/northroyalrenovation.com\/wp-content\/uploads\/2022\/07\/demolition-renovation-c-300x200.png 300w, https:\/\/northroyalrenovation.com\/wp-content\/uploads\/2022\/07\/demolition-renovation-c-768x512.png 768w\" sizes=\"(max-width: 900px) 100vw, 900px\" \/><\/figure><div class=\"wp-block-media-text__content\">\n<p>North Royal Renovation se sp\u00e9cialise dans la redynamisation des propri\u00e9t\u00e9s gr\u00e2ce \u00e0 des services de d\u00e9molition experts pour les r\u00e9sidences et les entreprises.<\/p>\n<\/div><\/div>\n\n\n\n<div style=\"height:46px\" aria-hidden=\"true\" class=\"wp-block-spacer\"><\/div>\n\n\n\n<p>\u00c9tapes du processus:<\/p>\n\n\n\n<ul class=\"wp-block-list\">\n<li>Excavation : Enlever les d\u00e9bris de la fondation.<\/li>\n<\/ul>\n\n\n\n<ul class=\"wp-block-list\">\n<li>Nivellement et empilement : Nivellement du sol.<\/li>\n<\/ul>\n\n\n\n<ul class=\"wp-block-list\">\n<li>Chargement : Transport de mat\u00e9riaux en vue de leur \u00e9limination ou de leur recyclage.<\/li>\n<\/ul>\n\n\n\n<p><\/p>\n\n\n\n<div style=\"height:38px\" aria-hidden=\"true\" class=\"wp-block-spacer\"><\/div>\n\n\n\n<p>Consid\u00e9rations relatives \u00e0 la planification :<\/p>\n\n\n\n<p>\u00c9valuer le site et d\u00e9terminer les outils, les co\u00fbts et les mesures de s\u00e9curit\u00e9 n\u00e9cessaires.<\/p>\n\n\n\n<p>Obtenez un permis de construire et choisissez un entrepreneur r\u00e9put\u00e9 en fonction de son exp\u00e9rience et de ses comp\u00e9tences.<\/p>\n\n\n\n<p><\/p>\n\n\n\n<p><\/p>\n\n\n\n<div style=\"height:38px\" aria-hidden=\"true\" class=\"wp-block-spacer\"><\/div>\n\n\n\n<p>Avantages :<\/p>\n\n\n\n<p>R\u00e9duit la consommation d'\u00e9nergie et les \u00e9missions de gaz \u00e0 effet de serre.<\/p>\n\n\n\n<p>Am\u00e9liore la s\u00e9curit\u00e9 et \u00e9vite des travaux d'entretien co\u00fbteux sur des b\u00e2timents inutilis\u00e9s.<\/p>\n\n\n\n<p><\/p>\n\n\n\n<p><\/p>\n\n\n\n<div style=\"height:38px\" aria-hidden=\"true\" class=\"wp-block-spacer\"><\/div>\n\n\n\n<p>Les co\u00fbts:<\/p>\n\n\n\n<p>Les co\u00fbts d\u00e9pendent de la taille, de l'emplacement, du type de maison et des mat\u00e9riaux (par exemple, le d\u00e9samiantage).<\/p>\n\n\n\n<p><\/p>\n\n\n\n<p><\/p>\n\n\n\n<div style=\"height:38px\" aria-hidden=\"true\" class=\"wp-block-spacer\"><\/div>\n\n\n\n<p>Informations compl\u00e9mentaires :<\/p>\n\n\n\n<p>M\u00e9thodes de d\u00e9molition : Inclure l'implosion, les grands trous ou une combinaison de m\u00e9thodes.<\/p>\n\n\n\n<p><\/p>\n\n\n\n<p><\/p>\n\n\n\n<div style=\"height:38px\" aria-hidden=\"true\" class=\"wp-block-spacer\"><\/div>\n\n\n\n<p>Les moyens de r\u00e9duire les co\u00fbts :<\/p>\n\n\n\n<p>Pr\u00e9voyez des mesures d'urgence, faites appel \u00e0 des entrepreneurs sp\u00e9cialis\u00e9s et envisagez des m\u00e9thodes de d\u00e9molition respectueuses de l'environnement.<\/p>\n\n\n\n<p><\/p>\n\n\n\n<p><\/p>\n\n\n\n<div style=\"height:38px\" aria-hidden=\"true\" class=\"wp-block-spacer\"><\/div>\n\n\n\n<p>Services fournis : D\u00e9molition, d\u00e9samiantage, excavation, analyse structurelle et pr\u00e9paration du site.<\/p>\n\n\n\n<p><\/p>\n\n\n\n<div style=\"height:38px\" aria-hidden=\"true\" class=\"wp-block-spacer\"><\/div>\n\n\n\t\t\t\t\t<div\n\t\t\t\t\t\tclass=\"wp-block-uagb-image-gallery uagb-block-2eb6c59d\"\n\t\t\t\t\t\tstyle=\"\"\n\t\t\t\t\t>\n\t\t\t\t\t\t\t\t\t\t\t<div class=\"spectra-image-gallery spectra-image-gallery__layout--grid spectra-image-gallery__layout--grid-col-3 spectra-image-gallery__layout--grid-col-tab-3 spectra-image-gallery__layout--grid-col-mob-2\">\n\t\t\t\t\t\t\t\t\t\t\t<div class='spectra-image-gallery__media-wrapper' data-spectra-gallery-image-id='210' tabindex=\"0\">\n\t\t\t\t\t\t\t<div class=\"spectra-image-gallery__media spectra-image-gallery__media--grid\">\n\t\t\t\t<picture>\n\t\t\t\t\t<source media=\"(min-width: 1024px)\" srcset=\"https:\/\/northroyalrenovation.com\/wp-content\/uploads\/2022\/02\/demolition-renovation-e.webp\">\n\t\t\t\t\t<source media=\"(min-width: 768px)\" srcset=\"https:\/\/northroyalrenovation.com\/wp-content\/uploads\/2022\/02\/demolition-renovation-e.webp\">\n\t\t\t\t\t<img decoding=\"async\" class=\"spectra-image-gallery__media-thumbnail spectra-image-gallery__media-thumbnail--grid\" src=\"https:\/\/northroyalrenovation.com\/wp-content\/uploads\/2022\/02\/demolition-renovation-e-300x200.webp\" alt=\"\" loading=\"lazy\" \/>\n\t\t\t\t<\/picture>\n\t\t\t\t<div class=\"spectra-image-gallery__media-thumbnail-blurrer\"><\/div>\n\t\t\t\t\t\t\t\t\t\t\t<div class=\"spectra-image-gallery__media-thumbnail-caption-wrapper spectra-image-gallery__media-thumbnail-caption-wrapper--overlay\"><\/div>\n\t\t\t\t\t\t\t\t<\/div>\n\t\t\t\t\t\t<\/div>\n\t\t\t\t\t\t<div class='spectra-image-gallery__media-wrapper' data-spectra-gallery-image-id='212' tabindex=\"0\">\n\t\t\t\t\t\t\t<div class=\"spectra-image-gallery__media spectra-image-gallery__media--grid\">\n\t\t\t\t<picture>\n\t\t\t\t\t<source media=\"(min-width: 1024px)\" srcset=\"https:\/\/northroyalrenovation.com\/wp-content\/uploads\/2022\/02\/demolition-renovation-i.webp\">\n\t\t\t\t\t<source media=\"(min-width: 768px)\" srcset=\"https:\/\/northroyalrenovation.com\/wp-content\/uploads\/2022\/02\/demolition-renovation-i.webp\">\n\t\t\t\t\t<img decoding=\"async\" class=\"spectra-image-gallery__media-thumbnail spectra-image-gallery__media-thumbnail--grid\" src=\"https:\/\/northroyalrenovation.com\/wp-content\/uploads\/2022\/02\/demolition-renovation-i-300x200.webp\" alt=\"\" loading=\"lazy\" \/>\n\t\t\t\t<\/picture>\n\t\t\t\t<div class=\"spectra-image-gallery__media-thumbnail-blurrer\"><\/div>\n\t\t\t\t\t\t\t\t\t\t\t<div class=\"spectra-image-gallery__media-thumbnail-caption-wrapper spectra-image-gallery__media-thumbnail-caption-wrapper--overlay\"><\/div>\n\t\t\t\t\t\t\t\t<\/div>\n\t\t\t\t\t\t<\/div>\n\t\t\t\t\t\t<div class='spectra-image-gallery__media-wrapper' data-spectra-gallery-image-id='209' tabindex=\"0\">\n\t\t\t\t\t\t\t<div class=\"spectra-image-gallery__media spectra-image-gallery__media--grid\">\n\t\t\t\t<picture>\n\t\t\t\t\t<source media=\"(min-width: 1024px)\" srcset=\"https:\/\/northroyalrenovation.com\/wp-content\/uploads\/2022\/02\/demolition-renovation-c.webp\">\n\t\t\t\t\t<source media=\"(min-width: 768px)\" srcset=\"https:\/\/northroyalrenovation.com\/wp-content\/uploads\/2022\/02\/demolition-renovation-c.webp\">\n\t\t\t\t\t<img decoding=\"async\" class=\"spectra-image-gallery__media-thumbnail spectra-image-gallery__media-thumbnail--grid\" src=\"https:\/\/northroyalrenovation.com\/wp-content\/uploads\/2022\/02\/demolition-renovation-c-300x200.webp\" alt=\"\" loading=\"lazy\" \/>\n\t\t\t\t<\/picture>\n\t\t\t\t<div class=\"spectra-image-gallery__media-thumbnail-blurrer\"><\/div>\n\t\t\t\t\t\t\t\t\t\t\t<div class=\"spectra-image-gallery__media-thumbnail-caption-wrapper spectra-image-gallery__media-thumbnail-caption-wrapper--overlay\"><\/div>\n\t\t\t\t\t\t\t\t<\/div>\n\t\t\t\t\t\t<\/div>\n\t\t\t\t\t\t\t\t\t\t<\/div>\n\t\t\t\t\t\t\t\t\t\t\t\t\t\t\t\t\t\t<\/div>\n\t\t\t\t\t\t\t\t\t\n\n\n<div style=\"height:68px\" aria-hidden=\"true\" class=\"wp-block-spacer\"><\/div>\n\n\n\n<div class=\"wp-block-buttons is-layout-flex wp-block-buttons-is-layout-flex\">\n<div class=\"wp-block-button\"><a class=\"wp-block-button__link has-tertiary-color has-text-color has-link-color wp-element-button\" href=\"https:\/\/northroyalrenovation.com\/fr\/contact-us\/\">Obtenir une consultation<\/a><\/div>\n<\/div>\n\n\n\n<div style=\"height:100px\" aria-hidden=\"true\" class=\"wp-block-spacer\"><\/div>","protected":false},"excerpt":{"rendered":"<p>Demolition North Royal Renovation specializes in giving new life to properties through expert demolition services for residences and businesses. Steps in the Process: Planning Considerations: Assess the site and determine necessary tools, costs, and safety precautions. Obtain a building permit and select a reputable contractor based on experience and expertise. Benefits: Reduces energy consumption and [&hellip;]<\/p>","protected":false},"author":1,"featured_media":0,"parent":0,"menu_order":0,"comment_status":"closed","ping_status":"closed","template":"wp-custom-template-demolition","meta":{"om_disable_all_campaigns":false,"_uag_custom_page_level_css":"","_monsterinsights_skip_tracking":false,"_monsterinsights_sitenote_active":false,"_monsterinsights_sitenote_note":"","_monsterinsights_sitenote_category":0,"footnotes":""},"class_list":["post-2307","page","type-page","status-publish","hentry"],"yoast_head":"<!-- This site is optimized with the Yoast SEO plugin v25.0 - https:\/\/yoast.com\/wordpress\/plugins\/seo\/ -->\n<title>Demolition | Get A Free Quotation Today North Royal Renovation | Montreal<\/title>\n<meta name=\"description\" content=\"North Royal Renovation offers interior and exterior demolition services, post-disaster demolition and stripping. Based in Montreal.\" \/>\n<meta name=\"robots\" content=\"index, follow, max-snippet:-1, max-image-preview:large, max-video-preview:-1\" \/>\n<link rel=\"canonical\" href=\"https:\/\/northroyalrenovation.com\/fr\/demolition\/\" \/>\n<meta property=\"og:locale\" content=\"fr_CA\" \/>\n<meta property=\"og:type\" content=\"article\" \/>\n<meta property=\"og:title\" content=\"Demolition | Get A Free Quotation Today North Royal Renovation | Montreal\" \/>\n<meta property=\"og:description\" content=\"North Royal Renovation offers interior and exterior demolition services, post-disaster demolition and stripping. Based in Montreal.\" \/>\n<meta property=\"og:url\" content=\"https:\/\/northroyalrenovation.com\/fr\/demolition\/\" \/>\n<meta property=\"og:site_name\" content=\"North Royal Renovation\" \/>\n<meta property=\"article:publisher\" content=\"https:\/\/www.facebook.com\/northroyalrenovation\/\" \/>\n<meta property=\"article:modified_time\" content=\"2025-03-20T14:12:31+00:00\" \/>\n<meta property=\"og:image\" content=\"https:\/\/northroyalrenovation.com\/wp-content\/uploads\/2022\/07\/demolition-renovation-c.png\" \/>\n\t<meta property=\"og:image:width\" content=\"900\" \/>\n\t<meta property=\"og:image:height\" content=\"600\" \/>\n\t<meta property=\"og:image:type\" content=\"image\/png\" \/>\n<meta name=\"twitter:card\" content=\"summary_large_image\" \/>\n<meta name=\"twitter:site\" content=\"@NorthRoyalReno\" \/>\n<meta name=\"twitter:label1\" content=\"Estimation du temps de lecture\" \/>\n\t<meta name=\"twitter:data1\" content=\"1 minute\" \/>\n<script type=\"application\/ld+json\" class=\"yoast-schema-graph\">{\"@context\":\"https:\/\/schema.org\",\"@graph\":[{\"@type\":\"WebPage\",\"@id\":\"https:\/\/northroyalrenovation.com\/demolition\/\",\"url\":\"https:\/\/northroyalrenovation.com\/demolition\/\",\"name\":\"Demolition | Get A Free Quotation Today North Royal Renovation | Montreal\",\"isPartOf\":{\"@id\":\"https:\/\/northroyalrenovation.com\/#website\"},\"primaryImageOfPage\":{\"@id\":\"https:\/\/northroyalrenovation.com\/demolition\/#primaryimage\"},\"image\":{\"@id\":\"https:\/\/northroyalrenovation.com\/demolition\/#primaryimage\"},\"thumbnailUrl\":\"https:\/\/northroyalrenovation.com\/wp-content\/uploads\/2022\/07\/demolition-renovation-c.png\",\"datePublished\":\"2025-01-27T15:22:27+00:00\",\"dateModified\":\"2025-03-20T14:12:31+00:00\",\"description\":\"North Royal Renovation offers interior and exterior demolition services, post-disaster demolition and stripping. Based in Montreal.\",\"breadcrumb\":{\"@id\":\"https:\/\/northroyalrenovation.com\/demolition\/#breadcrumb\"},\"inLanguage\":\"fr-CA\",\"potentialAction\":[{\"@type\":\"ReadAction\",\"target\":[\"https:\/\/northroyalrenovation.com\/demolition\/\"]}]},{\"@type\":\"ImageObject\",\"inLanguage\":\"fr-CA\",\"@id\":\"https:\/\/northroyalrenovation.com\/demolition\/#primaryimage\",\"url\":\"https:\/\/northroyalrenovation.com\/wp-content\/uploads\/2022\/07\/demolition-renovation-c.png\",\"contentUrl\":\"https:\/\/northroyalrenovation.com\/wp-content\/uploads\/2022\/07\/demolition-renovation-c.png\"},{\"@type\":\"BreadcrumbList\",\"@id\":\"https:\/\/northroyalrenovation.com\/demolition\/#breadcrumb\",\"itemListElement\":[{\"@type\":\"ListItem\",\"position\":1,\"name\":\"Home\",\"item\":\"https:\/\/northroyalrenovation.com\/\"},{\"@type\":\"ListItem\",\"position\":2,\"name\":\"Demolition\"}]},{\"@type\":\"WebSite\",\"@id\":\"https:\/\/northroyalrenovation.com\/#website\",\"url\":\"https:\/\/northroyalrenovation.com\/\",\"name\":\"North Royal Renovation\",\"description\":\"\",\"publisher\":{\"@id\":\"https:\/\/northroyalrenovation.com\/#organization\"},\"potentialAction\":[{\"@type\":\"SearchAction\",\"target\":{\"@type\":\"EntryPoint\",\"urlTemplate\":\"https:\/\/northroyalrenovation.com\/?s={search_term_string}\"},\"query-input\":{\"@type\":\"PropertyValueSpecification\",\"valueRequired\":true,\"valueName\":\"search_term_string\"}}],\"inLanguage\":\"fr-CA\"},{\"@type\":\"Organization\",\"@id\":\"https:\/\/northroyalrenovation.com\/#organization\",\"name\":\"North Royal Renovation\",\"url\":\"https:\/\/northroyalrenovation.com\/\",\"logo\":{\"@type\":\"ImageObject\",\"inLanguage\":\"fr-CA\",\"@id\":\"https:\/\/northroyalrenovation.com\/#\/schema\/logo\/image\/\",\"url\":\"https:\/\/northroyalrenovation.com\/wp-content\/uploads\/2022\/07\/Screenshot-27-removebg-preview.png\",\"contentUrl\":\"https:\/\/northroyalrenovation.com\/wp-content\/uploads\/2022\/07\/Screenshot-27-removebg-preview.png\",\"width\":404,\"height\":153,\"caption\":\"North Royal Renovation\"},\"image\":{\"@id\":\"https:\/\/northroyalrenovation.com\/#\/schema\/logo\/image\/\"},\"sameAs\":[\"https:\/\/www.facebook.com\/northroyalrenovation\/\",\"https:\/\/x.com\/NorthRoyalReno\"]}]}<\/script>\n<!-- \/ Yoast SEO plugin. -->","yoast_head_json":{"title":"Demolition | Get A Free Quotation Today North Royal Renovation | Montreal","description":"North Royal Renovation offers interior and exterior demolition services, post-disaster demolition and stripping. Based in Montreal.","robots":{"index":"index","follow":"follow","max-snippet":"max-snippet:-1","max-image-preview":"max-image-preview:large","max-video-preview":"max-video-preview:-1"},"canonical":"https:\/\/northroyalrenovation.com\/fr\/demolition\/","og_locale":"fr_CA","og_type":"article","og_title":"Demolition | Get A Free Quotation Today North Royal Renovation | Montreal","og_description":"North Royal Renovation offers interior and exterior demolition services, post-disaster demolition and stripping. Based in Montreal.","og_url":"https:\/\/northroyalrenovation.com\/fr\/demolition\/","og_site_name":"North Royal Renovation","article_publisher":"https:\/\/www.facebook.com\/northroyalrenovation\/","article_modified_time":"2025-03-20T14:12:31+00:00","og_image":[{"width":900,"height":600,"url":"https:\/\/northroyalrenovation.com\/wp-content\/uploads\/2022\/07\/demolition-renovation-c.png","type":"image\/png"}],"twitter_card":"summary_large_image","twitter_site":"@NorthRoyalReno","twitter_misc":{"Estimation du temps de lecture":"1 minute"},"schema":{"@context":"https:\/\/schema.org","@graph":[{"@type":"WebPage","@id":"https:\/\/northroyalrenovation.com\/demolition\/","url":"https:\/\/northroyalrenovation.com\/demolition\/","name":"Demolition | Get A Free Quotation Today North Royal Renovation | Montreal","isPartOf":{"@id":"https:\/\/northroyalrenovation.com\/#website"},"primaryImageOfPage":{"@id":"https:\/\/northroyalrenovation.com\/demolition\/#primaryimage"},"image":{"@id":"https:\/\/northroyalrenovation.com\/demolition\/#primaryimage"},"thumbnailUrl":"https:\/\/northroyalrenovation.com\/wp-content\/uploads\/2022\/07\/demolition-renovation-c.png","datePublished":"2025-01-27T15:22:27+00:00","dateModified":"2025-03-20T14:12:31+00:00","description":"North Royal Renovation offers interior and exterior demolition services, post-disaster demolition and stripping. Based in Montreal.","breadcrumb":{"@id":"https:\/\/northroyalrenovation.com\/demolition\/#breadcrumb"},"inLanguage":"fr-CA","potentialAction":[{"@type":"ReadAction","target":["https:\/\/northroyalrenovation.com\/demolition\/"]}]},{"@type":"ImageObject","inLanguage":"fr-CA","@id":"https:\/\/northroyalrenovation.com\/demolition\/#primaryimage","url":"https:\/\/northroyalrenovation.com\/wp-content\/uploads\/2022\/07\/demolition-renovation-c.png","contentUrl":"https:\/\/northroyalrenovation.com\/wp-content\/uploads\/2022\/07\/demolition-renovation-c.png"},{"@type":"BreadcrumbList","@id":"https:\/\/northroyalrenovation.com\/demolition\/#breadcrumb","itemListElement":[{"@type":"ListItem","position":1,"name":"Home","item":"https:\/\/northroyalrenovation.com\/"},{"@type":"ListItem","position":2,"name":"Demolition"}]},{"@type":"WebSite","@id":"https:\/\/northroyalrenovation.com\/#website","url":"https:\/\/northroyalrenovation.com\/","name":"North Royal Renovation","description":"","publisher":{"@id":"https:\/\/northroyalrenovation.com\/#organization"},"potentialAction":[{"@type":"SearchAction","target":{"@type":"EntryPoint","urlTemplate":"https:\/\/northroyalrenovation.com\/?s={search_term_string}"},"query-input":{"@type":"PropertyValueSpecification","valueRequired":true,"valueName":"search_term_string"}}],"inLanguage":"fr-CA"},{"@type":"Organization","@id":"https:\/\/northroyalrenovation.com\/#organization","name":"North Royal Renovation","url":"https:\/\/northroyalrenovation.com\/","logo":{"@type":"ImageObject","inLanguage":"fr-CA","@id":"https:\/\/northroyalrenovation.com\/#\/schema\/logo\/image\/","url":"https:\/\/northroyalrenovation.com\/wp-content\/uploads\/2022\/07\/Screenshot-27-removebg-preview.png","contentUrl":"https:\/\/northroyalrenovation.com\/wp-content\/uploads\/2022\/07\/Screenshot-27-removebg-preview.png","width":404,"height":153,"caption":"North Royal Renovation"},"image":{"@id":"https:\/\/northroyalrenovation.com\/#\/schema\/logo\/image\/"},"sameAs":["https:\/\/www.facebook.com\/northroyalrenovation\/","https:\/\/x.com\/NorthRoyalReno"]}]}},"uagb_featured_image_src":{"full":false,"thumbnail":false,"medium":false,"medium_large":false,"large":false,"1536x1536":false,"2048x2048":false,"trp-custom-language-flag":false},"uagb_author_info":{"display_name":"developer","author_link":"https:\/\/northroyalrenovation.com\/fr\/author\/developer\/"},"uagb_comment_info":0,"uagb_excerpt":"Demolition North Royal Renovation specializes in giving new life to properties through expert demolition services for residences and businesses. Steps in the Process: Planning Considerations: Assess the site and determine necessary tools, costs, and safety precautions. Obtain a building permit and select a reputable contractor based on experience and expertise. Benefits: Reduces energy consumption and&hellip;","_links":{"self":[{"href":"https:\/\/northroyalrenovation.com\/fr\/wp-json\/wp\/v2\/pages\/2307","targetHints":{"allow":["GET"]}}],"collection":[{"href":"https:\/\/northroyalrenovation.com\/fr\/wp-json\/wp\/v2\/pages"}],"about":[{"href":"https:\/\/northroyalrenovation.com\/fr\/wp-json\/wp\/v2\/types\/page"}],"author":[{"embeddable":true,"href":"https:\/\/northroyalrenovation.com\/fr\/wp-json\/wp\/v2\/users\/1"}],"replies":[{"embeddable":true,"href":"https:\/\/northroyalrenovation.com\/fr\/wp-json\/wp\/v2\/comments?post=2307"}],"version-history":[{"count":10,"href":"https:\/\/northroyalrenovation.com\/fr\/wp-json\/wp\/v2\/pages\/2307\/revisions"}],"predecessor-version":[{"id":2546,"href":"https:\/\/northroyalrenovation.com\/fr\/wp-json\/wp\/v2\/pages\/2307\/revisions\/2546"}],"wp:attachment":[{"href":"https:\/\/northroyalrenovation.com\/fr\/wp-json\/wp\/v2\/media?parent=2307"}],"curies":[{"name":"wp","href":"https:\/\/api.w.org\/{rel}","templated":true}]}}