{"id":2282,"date":"2025-01-27T01:40:57","date_gmt":"2025-01-27T01:40:57","guid":{"rendered":"https:\/\/northroyalrenovation.com\/?page_id=2282"},"modified":"2025-03-20T14:44:48","modified_gmt":"2025-03-20T14:44:48","slug":"footing-and-concrete-floors","status":"publish","type":"page","link":"https:\/\/northroyalrenovation.com\/fr\/footing-and-concrete-floors\/","title":{"rendered":"Semelles et sols en b\u00e9ton"},"content":{"rendered":"<div style=\"height:63px\" aria-hidden=\"true\" class=\"wp-block-spacer\"><\/div>\n\n\n\n<p class=\"has-extra-large-font-size\">Semelles et sols en b\u00e9ton<\/p>\n\n\n\n<div class=\"wp-block-media-text is-stacked-on-mobile\"><figure class=\"wp-block-media-text__media\"><img fetchpriority=\"high\" decoding=\"async\" width=\"986\" height=\"1024\" src=\"https:\/\/northroyalrenovation.com\/wp-content\/uploads\/2022\/02\/concrete-floor-retaining-wall-stairs-footing-e1737995478640-986x1024.webp\" alt=\"\" class=\"wp-image-203 size-full\" srcset=\"https:\/\/northroyalrenovation.com\/wp-content\/uploads\/2022\/02\/concrete-floor-retaining-wall-stairs-footing-e1737995478640-986x1024.webp 986w, https:\/\/northroyalrenovation.com\/wp-content\/uploads\/2022\/02\/concrete-floor-retaining-wall-stairs-footing-e1737995478640-289x300.webp 289w, https:\/\/northroyalrenovation.com\/wp-content\/uploads\/2022\/02\/concrete-floor-retaining-wall-stairs-footing-e1737995478640-768x798.webp 768w, https:\/\/northroyalrenovation.com\/wp-content\/uploads\/2022\/02\/concrete-floor-retaining-wall-stairs-footing-e1737995478640-12x12.webp 12w, https:\/\/northroyalrenovation.com\/wp-content\/uploads\/2022\/02\/concrete-floor-retaining-wall-stairs-footing-e1737995478640.webp 1280w\" sizes=\"(max-width: 986px) 100vw, 986px\" \/><\/figure><div class=\"wp-block-media-text__content\">\n<p>Les semelles soutiennent les fondations d'un b\u00e2timent en r\u00e9partissant son poids afin d'\u00e9viter les tassements ou les d\u00e9g\u00e2ts des eaux.<\/p>\n<\/div><\/div>\n\n\n\n<h3 class=\"wp-block-heading\">Footings and Floors i Cnstruction<\/h3>\n\n\n\n<p>G\u00e9n\u00e9ralement fabriqu\u00e9es en b\u00e9ton, les semelles fournissent une base stable pour les structures telles que les murs, les planchers et les piliers. Montr\u00e9al, connue pour sa production de b\u00e9ton de haute qualit\u00e9, a une riche histoire d'utilisation du b\u00e9ton pour la construction en raison du sol riche en calcaire de la ville, qui renforce la durabilit\u00e9 du b\u00e9ton.<\/p>\n\n\n\n<div style=\"height:63px\" aria-hidden=\"true\" class=\"wp-block-spacer\"><\/div>\n\n\n\n<h3 class=\"wp-block-heading has-text-link-color has-text-color has-link-color has-montserrat-font-family wp-elements-b79a9a372520265a598a3e02b7ccdc4a\">Choisir le bon rev\u00eatement de sol<\/h3>\n\n\n\n<p>Les rev\u00eatements de sol, qui constituent un aspect essentiel de tout b\u00e2timent, se d\u00e9clinent en diff\u00e9rents mat\u00e9riaux tels que le bois, le carrelage, le vinyle et la moquette, chacun offrant des avantages uniques. Le vinyle, par exemple, est rentable mais peut \u00eatre glissant. Lorsque vous choisissez un rev\u00eatement de sol, tenez compte de l'emplacement et de l'utilisation pr\u00e9vue de l'espace.<\/p>\n\n\n\n<div style=\"height:56px\" aria-hidden=\"true\" class=\"wp-block-spacer\"><\/div>\n\n\n\t\t\t\t\t<div\n\t\t\t\t\t\tclass=\"wp-block-uagb-image-gallery uagb-block-3d1f617c\"\n\t\t\t\t\t\tstyle=\"\"\n\t\t\t\t\t>\n\t\t\t\t\t\t\t\t\t\t\t<div class=\"spectra-image-gallery spectra-image-gallery__layout--grid spectra-image-gallery__layout--grid-col-3 spectra-image-gallery__layout--grid-col-tab-3 spectra-image-gallery__layout--grid-col-mob-2\">\n\t\t\t\t\t\t\t\t\t\t\t<div class='spectra-image-gallery__media-wrapper' data-spectra-gallery-image-id='200' tabindex=\"0\">\n\t\t\t\t\t\t\t<div class=\"spectra-image-gallery__media spectra-image-gallery__media--grid\">\n\t\t\t\t<picture>\n\t\t\t\t\t<source media=\"(min-width: 1024px)\" srcset=\"https:\/\/northroyalrenovation.com\/wp-content\/uploads\/2022\/02\/concrete-floor-footing-finishing-768x1024.webp\">\n\t\t\t\t\t<source media=\"(min-width: 768px)\" srcset=\"https:\/\/northroyalrenovation.com\/wp-content\/uploads\/2022\/02\/concrete-floor-footing-finishing-768x1024.webp\">\n\t\t\t\t\t<img decoding=\"async\" class=\"spectra-image-gallery__media-thumbnail spectra-image-gallery__media-thumbnail--grid\" src=\"https:\/\/northroyalrenovation.com\/wp-content\/uploads\/2022\/02\/concrete-floor-footing-finishing-225x300.webp\" alt=\"concrete-floor-renovation-montreal-footing\" loading=\"lazy\" \/>\n\t\t\t\t<\/picture>\n\t\t\t\t<div class=\"spectra-image-gallery__media-thumbnail-blurrer\"><\/div>\n\t\t\t\t\t\t\t\t\t\t\t<div class=\"spectra-image-gallery__media-thumbnail-caption-wrapper spectra-image-gallery__media-thumbnail-caption-wrapper--overlay\"><\/div>\n\t\t\t\t\t\t\t\t<\/div>\n\t\t\t\t\t\t<\/div>\n\t\t\t\t\t\t<div class='spectra-image-gallery__media-wrapper' data-spectra-gallery-image-id='202' tabindex=\"0\">\n\t\t\t\t\t\t\t<div class=\"spectra-image-gallery__media spectra-image-gallery__media--grid\">\n\t\t\t\t<picture>\n\t\t\t\t\t<source media=\"(min-width: 1024px)\" srcset=\"https:\/\/northroyalrenovation.com\/wp-content\/uploads\/2022\/02\/concrete-floor-retaining-wall-stairs-b-768x1024.webp\">\n\t\t\t\t\t<source media=\"(min-width: 768px)\" srcset=\"https:\/\/northroyalrenovation.com\/wp-content\/uploads\/2022\/02\/concrete-floor-retaining-wall-stairs-b-768x1024.webp\">\n\t\t\t\t\t<img decoding=\"async\" class=\"spectra-image-gallery__media-thumbnail spectra-image-gallery__media-thumbnail--grid\" src=\"https:\/\/northroyalrenovation.com\/wp-content\/uploads\/2022\/02\/concrete-floor-retaining-wall-stairs-b-225x300.webp\" alt=\"concrete-floor-renovation-montreal-footing\" loading=\"lazy\" \/>\n\t\t\t\t<\/picture>\n\t\t\t\t<div class=\"spectra-image-gallery__media-thumbnail-blurrer\"><\/div>\n\t\t\t\t\t\t\t\t\t\t\t<div class=\"spectra-image-gallery__media-thumbnail-caption-wrapper spectra-image-gallery__media-thumbnail-caption-wrapper--overlay\"><\/div>\n\t\t\t\t\t\t\t\t<\/div>\n\t\t\t\t\t\t<\/div>\n\t\t\t\t\t\t<div class='spectra-image-gallery__media-wrapper' data-spectra-gallery-image-id='2056' tabindex=\"0\">\n\t\t\t\t\t\t\t<div class=\"spectra-image-gallery__media spectra-image-gallery__media--grid\">\n\t\t\t\t<picture>\n\t\t\t\t\t<source media=\"(min-width: 1024px)\" srcset=\"https:\/\/northroyalrenovation.com\/wp-content\/uploads\/2025\/01\/pexels-arin-turkay-39583-1088169-1024x1024.jpg\">\n\t\t\t\t\t<source media=\"(min-width: 768px)\" srcset=\"https:\/\/northroyalrenovation.com\/wp-content\/uploads\/2025\/01\/pexels-arin-turkay-39583-1088169-1024x1024.jpg\">\n\t\t\t\t\t<img decoding=\"async\" class=\"spectra-image-gallery__media-thumbnail spectra-image-gallery__media-thumbnail--grid\" src=\"https:\/\/northroyalrenovation.com\/wp-content\/uploads\/2025\/01\/pexels-arin-turkay-39583-1088169-300x300.jpg\" alt=\"\" loading=\"lazy\" \/>\n\t\t\t\t<\/picture>\n\t\t\t\t<div class=\"spectra-image-gallery__media-thumbnail-blurrer\"><\/div>\n\t\t\t\t\t\t\t\t\t\t\t<div class=\"spectra-image-gallery__media-thumbnail-caption-wrapper spectra-image-gallery__media-thumbnail-caption-wrapper--overlay\"><\/div>\n\t\t\t\t\t\t\t\t<\/div>\n\t\t\t\t\t\t<\/div>\n\t\t\t\t\t\t<div class='spectra-image-gallery__media-wrapper' data-spectra-gallery-image-id='243' tabindex=\"0\">\n\t\t\t\t\t\t\t<div class=\"spectra-image-gallery__media spectra-image-gallery__media--grid\">\n\t\t\t\t<picture>\n\t\t\t\t\t<source media=\"(min-width: 1024px)\" srcset=\"https:\/\/northroyalrenovation.com\/wp-content\/uploads\/2022\/02\/northroyal-renovation-interior-repair-balcony-wood-celing.webp\">\n\t\t\t\t\t<source media=\"(min-width: 768px)\" srcset=\"https:\/\/northroyalrenovation.com\/wp-content\/uploads\/2022\/02\/northroyal-renovation-interior-repair-balcony-wood-celing.webp\">\n\t\t\t\t\t<img decoding=\"async\" class=\"spectra-image-gallery__media-thumbnail spectra-image-gallery__media-thumbnail--grid\" src=\"https:\/\/northroyalrenovation.com\/wp-content\/uploads\/2022\/02\/northroyal-renovation-interior-repair-balcony-wood-celing-300x225.webp\" alt=\"\" loading=\"lazy\" \/>\n\t\t\t\t<\/picture>\n\t\t\t\t<div class=\"spectra-image-gallery__media-thumbnail-blurrer\"><\/div>\n\t\t\t\t\t\t\t\t\t\t\t<div class=\"spectra-image-gallery__media-thumbnail-caption-wrapper spectra-image-gallery__media-thumbnail-caption-wrapper--overlay\"><\/div>\n\t\t\t\t\t\t\t\t<\/div>\n\t\t\t\t\t\t<\/div>\n\t\t\t\t\t\t<div class='spectra-image-gallery__media-wrapper' data-spectra-gallery-image-id='247' tabindex=\"0\">\n\t\t\t\t\t\t\t<div class=\"spectra-image-gallery__media spectra-image-gallery__media--grid\">\n\t\t\t\t<picture>\n\t\t\t\t\t<source media=\"(min-width: 1024px)\" srcset=\"https:\/\/northroyalrenovation.com\/wp-content\/uploads\/2022\/02\/northroyal-renovation-interior-repair-stairs-plastering.webp\">\n\t\t\t\t\t<source media=\"(min-width: 768px)\" srcset=\"https:\/\/northroyalrenovation.com\/wp-content\/uploads\/2022\/02\/northroyal-renovation-interior-repair-stairs-plastering.webp\">\n\t\t\t\t\t<img decoding=\"async\" class=\"spectra-image-gallery__media-thumbnail spectra-image-gallery__media-thumbnail--grid\" src=\"https:\/\/northroyalrenovation.com\/wp-content\/uploads\/2022\/02\/northroyal-renovation-interior-repair-stairs-plastering-300x225.webp\" alt=\"footing-montreal-renovation\" loading=\"lazy\" \/>\n\t\t\t\t<\/picture>\n\t\t\t\t<div class=\"spectra-image-gallery__media-thumbnail-blurrer\"><\/div>\n\t\t\t\t\t\t\t\t\t\t\t<div class=\"spectra-image-gallery__media-thumbnail-caption-wrapper spectra-image-gallery__media-thumbnail-caption-wrapper--overlay\"><\/div>\n\t\t\t\t\t\t\t\t<\/div>\n\t\t\t\t\t\t<\/div>\n\t\t\t\t\t\t<div class='spectra-image-gallery__media-wrapper' data-spectra-gallery-image-id='251' tabindex=\"0\">\n\t\t\t\t\t\t\t<div class=\"spectra-image-gallery__media spectra-image-gallery__media--grid\">\n\t\t\t\t<picture>\n\t\t\t\t\t<source media=\"(min-width: 1024px)\" srcset=\"https:\/\/northroyalrenovation.com\/wp-content\/uploads\/2022\/02\/northroyal-renovation-wood-stairs-repair-interior.webp\">\n\t\t\t\t\t<source media=\"(min-width: 768px)\" srcset=\"https:\/\/northroyalrenovation.com\/wp-content\/uploads\/2022\/02\/northroyal-renovation-wood-stairs-repair-interior.webp\">\n\t\t\t\t\t<img decoding=\"async\" class=\"spectra-image-gallery__media-thumbnail spectra-image-gallery__media-thumbnail--grid\" src=\"https:\/\/northroyalrenovation.com\/wp-content\/uploads\/2022\/02\/northroyal-renovation-wood-stairs-repair-interior-300x225.webp\" alt=\"Renovation-Flooring-Stairs\" loading=\"lazy\" \/>\n\t\t\t\t<\/picture>\n\t\t\t\t<div class=\"spectra-image-gallery__media-thumbnail-blurrer\"><\/div>\n\t\t\t\t\t\t\t\t\t\t\t<div class=\"spectra-image-gallery__media-thumbnail-caption-wrapper spectra-image-gallery__media-thumbnail-caption-wrapper--overlay\"><\/div>\n\t\t\t\t\t\t\t\t<\/div>\n\t\t\t\t\t\t<\/div>\n\t\t\t\t\t\t\t\t\t\t<\/div>\n\t\t\t\t\t\t\t\t\t\t\t\t\t\t\t\t\t\t<\/div>\n\t\t\t\t\t\t\t\t\t\n\n\n<div style=\"height:62px\" aria-hidden=\"true\" class=\"wp-block-spacer\"><\/div>\n\n\n\n<div class=\"wp-block-buttons is-layout-flex wp-block-buttons-is-layout-flex\">\n<div class=\"wp-block-button\"><a class=\"wp-block-button__link has-tertiary-color has-text-color has-link-color wp-element-button\" href=\"https:\/\/northroyalrenovation.com\/fr\/contact-us\/\">Obtenir une consultation<\/a><\/div>\n<\/div>\n\n\n\n<div style=\"height:100px\" aria-hidden=\"true\" class=\"wp-block-spacer\"><\/div>","protected":false},"excerpt":{"rendered":"<p>Footing and Concrete Floors Footings support a building\u2019s foundation by distributing its weight to prevent settlement or water damage. Footings and Floors i Cnstruction Typically made of concrete, footings provide a stable base for structures like walls, floors, and piers. Montreal, known for its high-quality concrete production, has a rich history of using concrete for [&hellip;]<\/p>","protected":false},"author":1,"featured_media":247,"parent":0,"menu_order":0,"comment_status":"closed","ping_status":"closed","template":"wp-custom-template-flooors-concrete-template","meta":{"om_disable_all_campaigns":false,"_uag_custom_page_level_css":"","_monsterinsights_skip_tracking":false,"_monsterinsights_sitenote_active":false,"_monsterinsights_sitenote_note":"","_monsterinsights_sitenote_category":0,"footnotes":""},"class_list":["post-2282","page","type-page","status-publish","has-post-thumbnail","hentry"],"yoast_head":"<!-- This site is optimized with the Yoast SEO plugin v25.0 - https:\/\/yoast.com\/wordpress\/plugins\/seo\/ -->\n<title>Footing and Concrete Floors | Montreal North Royal Renovation | Call Us Today<\/title>\n<meta name=\"description\" content=\"Professional footing and concrete floor services in Montreal. Strong, reliable foundations for residential and commercial projects.\" \/>\n<meta name=\"robots\" content=\"index, follow, max-snippet:-1, max-image-preview:large, max-video-preview:-1\" \/>\n<link rel=\"canonical\" href=\"https:\/\/northroyalrenovation.com\/fr\/footing-and-concrete-floors\/\" \/>\n<meta property=\"og:locale\" content=\"fr_CA\" \/>\n<meta property=\"og:type\" content=\"article\" \/>\n<meta property=\"og:title\" content=\"Footing and Concrete Floors | Montreal North Royal Renovation | Call Us Today\" \/>\n<meta property=\"og:description\" content=\"Professional footing and concrete floor services in Montreal. Strong, reliable foundations for residential and commercial projects.\" \/>\n<meta property=\"og:url\" content=\"https:\/\/northroyalrenovation.com\/fr\/footing-and-concrete-floors\/\" \/>\n<meta property=\"og:site_name\" content=\"North Royal Renovation\" \/>\n<meta property=\"article:publisher\" content=\"https:\/\/www.facebook.com\/northroyalrenovation\/\" \/>\n<meta property=\"article:modified_time\" content=\"2025-03-20T14:44:48+00:00\" \/>\n<meta property=\"og:image\" content=\"https:\/\/northroyalrenovation.com\/wp-content\/uploads\/2022\/02\/northroyal-renovation-interior-repair-stairs-plastering.webp\" \/>\n\t<meta property=\"og:image:width\" content=\"1022\" \/>\n\t<meta property=\"og:image:height\" content=\"768\" \/>\n\t<meta property=\"og:image:type\" content=\"image\/webp\" \/>\n<meta name=\"twitter:card\" content=\"summary_large_image\" \/>\n<meta name=\"twitter:site\" content=\"@NorthRoyalReno\" \/>\n<meta name=\"twitter:label1\" content=\"Estimation du temps de lecture\" \/>\n\t<meta name=\"twitter:data1\" content=\"1 minute\" \/>\n<script type=\"application\/ld+json\" class=\"yoast-schema-graph\">{\"@context\":\"https:\/\/schema.org\",\"@graph\":[{\"@type\":\"WebPage\",\"@id\":\"https:\/\/northroyalrenovation.com\/footing-and-concrete-floors\/\",\"url\":\"https:\/\/northroyalrenovation.com\/footing-and-concrete-floors\/\",\"name\":\"Footing and Concrete Floors | Montreal North Royal Renovation | Call Us Today\",\"isPartOf\":{\"@id\":\"https:\/\/northroyalrenovation.com\/#website\"},\"primaryImageOfPage\":{\"@id\":\"https:\/\/northroyalrenovation.com\/footing-and-concrete-floors\/#primaryimage\"},\"image\":{\"@id\":\"https:\/\/northroyalrenovation.com\/footing-and-concrete-floors\/#primaryimage\"},\"thumbnailUrl\":\"https:\/\/northroyalrenovation.com\/wp-content\/uploads\/2022\/02\/northroyal-renovation-interior-repair-stairs-plastering.webp\",\"datePublished\":\"2025-01-27T01:40:57+00:00\",\"dateModified\":\"2025-03-20T14:44:48+00:00\",\"description\":\"Professional footing and concrete floor services in Montreal. Strong, reliable foundations for residential and commercial projects.\",\"breadcrumb\":{\"@id\":\"https:\/\/northroyalrenovation.com\/footing-and-concrete-floors\/#breadcrumb\"},\"inLanguage\":\"fr-CA\",\"potentialAction\":[{\"@type\":\"ReadAction\",\"target\":[\"https:\/\/northroyalrenovation.com\/footing-and-concrete-floors\/\"]}]},{\"@type\":\"ImageObject\",\"inLanguage\":\"fr-CA\",\"@id\":\"https:\/\/northroyalrenovation.com\/footing-and-concrete-floors\/#primaryimage\",\"url\":\"https:\/\/northroyalrenovation.com\/wp-content\/uploads\/2022\/02\/northroyal-renovation-interior-repair-stairs-plastering.webp\",\"contentUrl\":\"https:\/\/northroyalrenovation.com\/wp-content\/uploads\/2022\/02\/northroyal-renovation-interior-repair-stairs-plastering.webp\",\"width\":1022,\"height\":768,\"caption\":\"footing-montreal-renovation\"},{\"@type\":\"BreadcrumbList\",\"@id\":\"https:\/\/northroyalrenovation.com\/footing-and-concrete-floors\/#breadcrumb\",\"itemListElement\":[{\"@type\":\"ListItem\",\"position\":1,\"name\":\"Home\",\"item\":\"https:\/\/northroyalrenovation.com\/\"},{\"@type\":\"ListItem\",\"position\":2,\"name\":\"Footing and Concrete Floors\"}]},{\"@type\":\"WebSite\",\"@id\":\"https:\/\/northroyalrenovation.com\/#website\",\"url\":\"https:\/\/northroyalrenovation.com\/\",\"name\":\"North Royal Renovation\",\"description\":\"\",\"publisher\":{\"@id\":\"https:\/\/northroyalrenovation.com\/#organization\"},\"potentialAction\":[{\"@type\":\"SearchAction\",\"target\":{\"@type\":\"EntryPoint\",\"urlTemplate\":\"https:\/\/northroyalrenovation.com\/?s={search_term_string}\"},\"query-input\":{\"@type\":\"PropertyValueSpecification\",\"valueRequired\":true,\"valueName\":\"search_term_string\"}}],\"inLanguage\":\"fr-CA\"},{\"@type\":\"Organization\",\"@id\":\"https:\/\/northroyalrenovation.com\/#organization\",\"name\":\"North Royal Renovation\",\"url\":\"https:\/\/northroyalrenovation.com\/\",\"logo\":{\"@type\":\"ImageObject\",\"inLanguage\":\"fr-CA\",\"@id\":\"https:\/\/northroyalrenovation.com\/#\/schema\/logo\/image\/\",\"url\":\"https:\/\/northroyalrenovation.com\/wp-content\/uploads\/2022\/07\/Screenshot-27-removebg-preview.png\",\"contentUrl\":\"https:\/\/northroyalrenovation.com\/wp-content\/uploads\/2022\/07\/Screenshot-27-removebg-preview.png\",\"width\":404,\"height\":153,\"caption\":\"North Royal Renovation\"},\"image\":{\"@id\":\"https:\/\/northroyalrenovation.com\/#\/schema\/logo\/image\/\"},\"sameAs\":[\"https:\/\/www.facebook.com\/northroyalrenovation\/\",\"https:\/\/x.com\/NorthRoyalReno\"]}]}<\/script>\n<!-- \/ Yoast SEO plugin. -->","yoast_head_json":{"title":"Footing and Concrete Floors | Montreal North Royal Renovation | Call Us Today","description":"Professional footing and concrete floor services in Montreal. Strong, reliable foundations for residential and commercial projects.","robots":{"index":"index","follow":"follow","max-snippet":"max-snippet:-1","max-image-preview":"max-image-preview:large","max-video-preview":"max-video-preview:-1"},"canonical":"https:\/\/northroyalrenovation.com\/fr\/footing-and-concrete-floors\/","og_locale":"fr_CA","og_type":"article","og_title":"Footing and Concrete Floors | Montreal North Royal Renovation | Call Us Today","og_description":"Professional footing and concrete floor services in Montreal. Strong, reliable foundations for residential and commercial projects.","og_url":"https:\/\/northroyalrenovation.com\/fr\/footing-and-concrete-floors\/","og_site_name":"North Royal Renovation","article_publisher":"https:\/\/www.facebook.com\/northroyalrenovation\/","article_modified_time":"2025-03-20T14:44:48+00:00","og_image":[{"width":1022,"height":768,"url":"https:\/\/northroyalrenovation.com\/wp-content\/uploads\/2022\/02\/northroyal-renovation-interior-repair-stairs-plastering.webp","type":"image\/webp"}],"twitter_card":"summary_large_image","twitter_site":"@NorthRoyalReno","twitter_misc":{"Estimation du temps de lecture":"1 minute"},"schema":{"@context":"https:\/\/schema.org","@graph":[{"@type":"WebPage","@id":"https:\/\/northroyalrenovation.com\/footing-and-concrete-floors\/","url":"https:\/\/northroyalrenovation.com\/footing-and-concrete-floors\/","name":"Footing and Concrete Floors | Montreal North Royal Renovation | Call Us Today","isPartOf":{"@id":"https:\/\/northroyalrenovation.com\/#website"},"primaryImageOfPage":{"@id":"https:\/\/northroyalrenovation.com\/footing-and-concrete-floors\/#primaryimage"},"image":{"@id":"https:\/\/northroyalrenovation.com\/footing-and-concrete-floors\/#primaryimage"},"thumbnailUrl":"https:\/\/northroyalrenovation.com\/wp-content\/uploads\/2022\/02\/northroyal-renovation-interior-repair-stairs-plastering.webp","datePublished":"2025-01-27T01:40:57+00:00","dateModified":"2025-03-20T14:44:48+00:00","description":"Professional footing and concrete floor services in Montreal. Strong, reliable foundations for residential and commercial projects.","breadcrumb":{"@id":"https:\/\/northroyalrenovation.com\/footing-and-concrete-floors\/#breadcrumb"},"inLanguage":"fr-CA","potentialAction":[{"@type":"ReadAction","target":["https:\/\/northroyalrenovation.com\/footing-and-concrete-floors\/"]}]},{"@type":"ImageObject","inLanguage":"fr-CA","@id":"https:\/\/northroyalrenovation.com\/footing-and-concrete-floors\/#primaryimage","url":"https:\/\/northroyalrenovation.com\/wp-content\/uploads\/2022\/02\/northroyal-renovation-interior-repair-stairs-plastering.webp","contentUrl":"https:\/\/northroyalrenovation.com\/wp-content\/uploads\/2022\/02\/northroyal-renovation-interior-repair-stairs-plastering.webp","width":1022,"height":768,"caption":"footing-montreal-renovation"},{"@type":"BreadcrumbList","@id":"https:\/\/northroyalrenovation.com\/footing-and-concrete-floors\/#breadcrumb","itemListElement":[{"@type":"ListItem","position":1,"name":"Home","item":"https:\/\/northroyalrenovation.com\/"},{"@type":"ListItem","position":2,"name":"Footing and Concrete Floors"}]},{"@type":"WebSite","@id":"https:\/\/northroyalrenovation.com\/#website","url":"https:\/\/northroyalrenovation.com\/","name":"North Royal Renovation","description":"","publisher":{"@id":"https:\/\/northroyalrenovation.com\/#organization"},"potentialAction":[{"@type":"SearchAction","target":{"@type":"EntryPoint","urlTemplate":"https:\/\/northroyalrenovation.com\/?s={search_term_string}"},"query-input":{"@type":"PropertyValueSpecification","valueRequired":true,"valueName":"search_term_string"}}],"inLanguage":"fr-CA"},{"@type":"Organization","@id":"https:\/\/northroyalrenovation.com\/#organization","name":"North Royal Renovation","url":"https:\/\/northroyalrenovation.com\/","logo":{"@type":"ImageObject","inLanguage":"fr-CA","@id":"https:\/\/northroyalrenovation.com\/#\/schema\/logo\/image\/","url":"https:\/\/northroyalrenovation.com\/wp-content\/uploads\/2022\/07\/Screenshot-27-removebg-preview.png","contentUrl":"https:\/\/northroyalrenovation.com\/wp-content\/uploads\/2022\/07\/Screenshot-27-removebg-preview.png","width":404,"height":153,"caption":"North Royal Renovation"},"image":{"@id":"https:\/\/northroyalrenovation.com\/#\/schema\/logo\/image\/"},"sameAs":["https:\/\/www.facebook.com\/northroyalrenovation\/","https:\/\/x.com\/NorthRoyalReno"]}]}},"uagb_featured_image_src":{"full":["https:\/\/northroyalrenovation.com\/wp-content\/uploads\/2022\/02\/northroyal-renovation-interior-repair-stairs-plastering.webp",1022,768,false],"thumbnail":["https:\/\/northroyalrenovation.com\/wp-content\/uploads\/2022\/02\/northroyal-renovation-interior-repair-stairs-plastering-150x150.webp",150,150,true],"medium":["https:\/\/northroyalrenovation.com\/wp-content\/uploads\/2022\/02\/northroyal-renovation-interior-repair-stairs-plastering-300x225.webp",300,225,true],"medium_large":["https:\/\/northroyalrenovation.com\/wp-content\/uploads\/2022\/02\/northroyal-renovation-interior-repair-stairs-plastering-768x577.webp",768,577,true],"large":["https:\/\/northroyalrenovation.com\/wp-content\/uploads\/2022\/02\/northroyal-renovation-interior-repair-stairs-plastering.webp",1022,768,false],"1536x1536":["https:\/\/northroyalrenovation.com\/wp-content\/uploads\/2022\/02\/northroyal-renovation-interior-repair-stairs-plastering.webp",1022,768,false],"2048x2048":["https:\/\/northroyalrenovation.com\/wp-content\/uploads\/2022\/02\/northroyal-renovation-interior-repair-stairs-plastering.webp",1022,768,false],"trp-custom-language-flag":["https:\/\/northroyalrenovation.com\/wp-content\/uploads\/2022\/02\/northroyal-renovation-interior-repair-stairs-plastering.webp",16,12,false]},"uagb_author_info":{"display_name":"developer","author_link":"https:\/\/northroyalrenovation.com\/fr\/author\/developer\/"},"uagb_comment_info":0,"uagb_excerpt":"Footing and Concrete Floors Footings support a building\u2019s foundation by distributing its weight to prevent settlement or water damage. Footings and Floors i Cnstruction Typically made of concrete, footings provide a stable base for structures like walls, floors, and piers. Montreal, known for its high-quality concrete production, has a rich history of using concrete for&hellip;","_links":{"self":[{"href":"https:\/\/northroyalrenovation.com\/fr\/wp-json\/wp\/v2\/pages\/2282","targetHints":{"allow":["GET"]}}],"collection":[{"href":"https:\/\/northroyalrenovation.com\/fr\/wp-json\/wp\/v2\/pages"}],"about":[{"href":"https:\/\/northroyalrenovation.com\/fr\/wp-json\/wp\/v2\/types\/page"}],"author":[{"embeddable":true,"href":"https:\/\/northroyalrenovation.com\/fr\/wp-json\/wp\/v2\/users\/1"}],"replies":[{"embeddable":true,"href":"https:\/\/northroyalrenovation.com\/fr\/wp-json\/wp\/v2\/comments?post=2282"}],"version-history":[{"count":9,"href":"https:\/\/northroyalrenovation.com\/fr\/wp-json\/wp\/v2\/pages\/2282\/revisions"}],"predecessor-version":[{"id":3143,"href":"https:\/\/northroyalrenovation.com\/fr\/wp-json\/wp\/v2\/pages\/2282\/revisions\/3143"}],"wp:featuredmedia":[{"embeddable":true,"href":"https:\/\/northroyalrenovation.com\/fr\/wp-json\/wp\/v2\/media\/247"}],"wp:attachment":[{"href":"https:\/\/northroyalrenovation.com\/fr\/wp-json\/wp\/v2\/media?parent=2282"}],"curies":[{"name":"wp","href":"https:\/\/api.w.org\/{rel}","templated":true}]}}