{"id":2276,"date":"2025-01-27T01:36:24","date_gmt":"2025-01-27T01:36:24","guid":{"rendered":"https:\/\/northroyalrenovation.com\/?page_id=2276"},"modified":"2025-03-25T17:31:22","modified_gmt":"2025-03-25T17:31:22","slug":"house-extension","status":"publish","type":"page","link":"https:\/\/northroyalrenovation.com\/fr\/house-extension\/","title":{"rendered":"Agrandissement De Maison"},"content":{"rendered":"<div style=\"height:57px\" aria-hidden=\"true\" class=\"wp-block-spacer\"><\/div>\n\n\n\n<p class=\"has-body-text-color has-text-color has-link-color has-extra-large-font-size wp-elements-bcbe8c87703cc37d1db15853683a1846\">Agrandissement De Maison <\/p>\n\n\n\n<div class=\"wp-block-media-text is-stacked-on-mobile\"><figure class=\"wp-block-media-text__media\"><img fetchpriority=\"high\" decoding=\"async\" width=\"1024\" height=\"683\" src=\"http:\/\/northroyalrenovation.com\/wp-content\/uploads\/2022\/07\/Patio-northroyal-exterior-1-1024x683.png\" alt=\"balcony-extension- home-montreal\" class=\"wp-image-1858 size-full\" srcset=\"https:\/\/northroyalrenovation.com\/wp-content\/uploads\/2022\/07\/Patio-northroyal-exterior-1-1024x683.png 1024w, https:\/\/northroyalrenovation.com\/wp-content\/uploads\/2022\/07\/Patio-northroyal-exterior-1-300x200.png 300w, https:\/\/northroyalrenovation.com\/wp-content\/uploads\/2022\/07\/Patio-northroyal-exterior-1-768x512.png 768w, https:\/\/northroyalrenovation.com\/wp-content\/uploads\/2022\/07\/Patio-northroyal-exterior-1-1536x1024.png 1536w, https:\/\/northroyalrenovation.com\/wp-content\/uploads\/2022\/07\/Patio-northroyal-exterior-1.png 1600w\" sizes=\"(max-width: 1024px) 100vw, 1024px\" \/><\/figure><div class=\"wp-block-media-text__content\">\n<p>Les extensions permettent d'augmenter la surface habitable sans modifier l'empreinte de la maison. Les types les plus courants sont les balcons, les terrasses, les sous-sols ou les pi\u00e8ces suppl\u00e9mentaires.<\/p>\n<\/div><\/div>\n\n\n\n<div style=\"height:60px\" aria-hidden=\"true\" class=\"wp-block-spacer\"><\/div>\n\n\n\n<p>Les ajouts \u00e0 la maison augmentent la surface habitable et comprennent des extensions, des porches ou des garages.<\/p>\n\n\n\n<p><br>Consid\u00e9rations relatives aux extensions:<\/p>\n\n\n\n<ul class=\"wp-block-list\">\n<li>Evaluate design, yard space, and existing structure condition.<br>Plan carefully, including materials and budget. <\/li>\n<\/ul>\n\n\n\n<ul class=\"wp-block-list\">\n<li>Fix existing defects before starting.<br>Material choices include wood, concrete, and steel, depending on cost and ease of use.<\/li>\n<\/ul>\n\n\n\n<p><br>Types d'ajouts:<\/p>\n\n\n\n<p class=\"translation-block\">Ajout de pi\u00e8ce: placards, patios, solariums ou murs de remplissage. Bungalows: les options les plus courantes sont les chambres principales, les bureaux ou les salles \u00e0 manger.<\/p>\n\n\n\n<p><br>Outils d'extension de maison:<\/p>\n\n\n\n<p>Des outils tels que les calculateurs de co\u00fbts permettent d'estimer les d\u00e9penses li\u00e9es \u00e0 l'agrandissement d'une maison au Canada.<\/p>\n\n\n\n<p><br>Facteurs influen\u00e7ant le co\u00fbt : taille, emplacement et mat\u00e9riaux.<\/p>\n\n\n\n<p><\/p>\n\n\n\n<div style=\"height:43px\" aria-hidden=\"true\" class=\"wp-block-spacer\"><\/div>\n\n\n\t\t\t\t\t<div\n\t\t\t\t\t\tclass=\"wp-block-uagb-image-gallery uagb-block-f7f4013a\"\n\t\t\t\t\t\tstyle=\"\"\n\t\t\t\t\t>\n\t\t\t\t\t\t\t\t\t\t\t<div class=\"spectra-image-gallery spectra-image-gallery__layout--grid spectra-image-gallery__layout--grid-col-3 spectra-image-gallery__layout--grid-col-tab-3 spectra-image-gallery__layout--grid-col-mob-2\">\n\t\t\t\t\t\t\t\t\t\t\t<div class='spectra-image-gallery__media-wrapper' data-spectra-gallery-image-id='2285' tabindex=\"0\">\n\t\t\t\t\t\t\t<div class=\"spectra-image-gallery__media spectra-image-gallery__media--grid\">\n\t\t\t\t<picture>\n\t\t\t\t\t<source media=\"(min-width: 1024px)\" srcset=\"http:\/\/northroyalrenovation.com\/wp-content\/uploads\/2025\/01\/pexels-brettjordan-28885519-1024x768.jpg\">\n\t\t\t\t\t<source media=\"(min-width: 768px)\" srcset=\"http:\/\/northroyalrenovation.com\/wp-content\/uploads\/2025\/01\/pexels-brettjordan-28885519-1024x768.jpg\">\n\t\t\t\t\t<img decoding=\"async\" class=\"spectra-image-gallery__media-thumbnail spectra-image-gallery__media-thumbnail--grid\" src=\"http:\/\/northroyalrenovation.com\/wp-content\/uploads\/2025\/01\/pexels-brettjordan-28885519-300x225.jpg\" alt=\"\" loading=\"lazy\" \/>\n\t\t\t\t<\/picture>\n\t\t\t\t<div class=\"spectra-image-gallery__media-thumbnail-blurrer\"><\/div>\n\t\t\t\t\t\t\t\t\t\t\t<div class=\"spectra-image-gallery__media-thumbnail-caption-wrapper spectra-image-gallery__media-thumbnail-caption-wrapper--overlay\"><\/div>\n\t\t\t\t\t\t\t\t<\/div>\n\t\t\t\t\t\t<\/div>\n\t\t\t\t\t\t<div class='spectra-image-gallery__media-wrapper' data-spectra-gallery-image-id='2052' tabindex=\"0\">\n\t\t\t\t\t\t\t<div class=\"spectra-image-gallery__media spectra-image-gallery__media--grid\">\n\t\t\t\t<picture>\n\t\t\t\t\t<source media=\"(min-width: 1024px)\" srcset=\"http:\/\/northroyalrenovation.com\/wp-content\/uploads\/2025\/01\/pexels-michaelgaultphotos-6303114-1024x683.jpg\">\n\t\t\t\t\t<source media=\"(min-width: 768px)\" srcset=\"http:\/\/northroyalrenovation.com\/wp-content\/uploads\/2025\/01\/pexels-michaelgaultphotos-6303114-1024x683.jpg\">\n\t\t\t\t\t<img decoding=\"async\" class=\"spectra-image-gallery__media-thumbnail spectra-image-gallery__media-thumbnail--grid\" src=\"http:\/\/northroyalrenovation.com\/wp-content\/uploads\/2025\/01\/pexels-michaelgaultphotos-6303114-300x200.jpg\" alt=\"\" loading=\"lazy\" \/>\n\t\t\t\t<\/picture>\n\t\t\t\t<div class=\"spectra-image-gallery__media-thumbnail-blurrer\"><\/div>\n\t\t\t\t\t\t\t\t\t\t\t<div class=\"spectra-image-gallery__media-thumbnail-caption-wrapper spectra-image-gallery__media-thumbnail-caption-wrapper--overlay\"><\/div>\n\t\t\t\t\t\t\t\t<\/div>\n\t\t\t\t\t\t<\/div>\n\t\t\t\t\t\t<div class='spectra-image-gallery__media-wrapper' data-spectra-gallery-image-id='1858' tabindex=\"0\">\n\t\t\t\t\t\t\t<div class=\"spectra-image-gallery__media spectra-image-gallery__media--grid\">\n\t\t\t\t<picture>\n\t\t\t\t\t<source media=\"(min-width: 1024px)\" srcset=\"http:\/\/northroyalrenovation.com\/wp-content\/uploads\/2022\/07\/Patio-northroyal-exterior-1-1024x683.png\">\n\t\t\t\t\t<source media=\"(min-width: 768px)\" srcset=\"http:\/\/northroyalrenovation.com\/wp-content\/uploads\/2022\/07\/Patio-northroyal-exterior-1-1024x683.png\">\n\t\t\t\t\t<img decoding=\"async\" class=\"spectra-image-gallery__media-thumbnail spectra-image-gallery__media-thumbnail--grid\" src=\"http:\/\/northroyalrenovation.com\/wp-content\/uploads\/2022\/07\/Patio-northroyal-exterior-1-300x200.png\" alt=\"balcony-extension- home-montreal\" loading=\"lazy\" \/>\n\t\t\t\t<\/picture>\n\t\t\t\t<div class=\"spectra-image-gallery__media-thumbnail-blurrer\"><\/div>\n\t\t\t\t\t\t\t\t\t\t\t<div class=\"spectra-image-gallery__media-thumbnail-caption-wrapper spectra-image-gallery__media-thumbnail-caption-wrapper--overlay\"><\/div>\n\t\t\t\t\t\t\t\t<\/div>\n\t\t\t\t\t\t<\/div>\n\t\t\t\t\t\t\t\t\t\t<\/div>\n\t\t\t\t\t\t\t\t\t\t\t\t\t\t\t\t\t\t<\/div>\n\t\t\t\t\t\t\t\t\t\n\n\n<div style=\"height:81px\" aria-hidden=\"true\" class=\"wp-block-spacer\"><\/div>\n\n\n\n<div class=\"wp-block-buttons is-layout-flex wp-block-buttons-is-layout-flex\">\n<div class=\"wp-block-button\"><a class=\"wp-block-button__link has-secondary-color has-text-color has-link-color wp-element-button\" href=\"https:\/\/northroyalrenovation.com\/fr\/contact-us\/\">Obtenir une consultation<\/a><\/div>\n<\/div>\n\n\n\n<div style=\"height:100px\" aria-hidden=\"true\" class=\"wp-block-spacer\"><\/div>","protected":false},"excerpt":{"rendered":"<p>House Extension Extensions can add square footage without altering the home\u2019s footprint. Common types include Balconies, terraces, basements, or additional rooms. Home additions increase living space and include extensions, porches, or garages. Considerations for Extensions: Types of Additions: Room additions: Walk-in closets, patios, sunrooms, or infill walls.Bungalows: Popular options include master bedrooms, offices, or dining [&hellip;]<\/p>","protected":false},"author":1,"featured_media":0,"parent":0,"menu_order":0,"comment_status":"closed","ping_status":"closed","template":"wp-custom-template-home-extension-template","meta":{"om_disable_all_campaigns":false,"_uag_custom_page_level_css":"","_monsterinsights_skip_tracking":false,"_monsterinsights_sitenote_active":false,"_monsterinsights_sitenote_note":"","_monsterinsights_sitenote_category":0,"footnotes":""},"class_list":["post-2276","page","type-page","status-publish","hentry"],"yoast_head":"<!-- This site is optimized with the Yoast SEO plugin v25.0 - https:\/\/yoast.com\/wordpress\/plugins\/seo\/ -->\n<title>House Extension | Montreal<\/title>\n<meta name=\"description\" content=\"Looking to expand or enlarge your home? Choose North Royal Renovation for the expertise of our skilled architects, designers, and engineers.\" \/>\n<meta name=\"robots\" content=\"index, follow, max-snippet:-1, max-image-preview:large, max-video-preview:-1\" \/>\n<link rel=\"canonical\" href=\"https:\/\/northroyalrenovation.com\/fr\/house-extension\/\" \/>\n<meta property=\"og:locale\" content=\"fr_CA\" \/>\n<meta property=\"og:type\" content=\"article\" \/>\n<meta property=\"og:title\" content=\"House Extension | Montreal\" \/>\n<meta property=\"og:description\" content=\"Looking to expand or enlarge your home? Choose North Royal Renovation for the expertise of our skilled architects, designers, and engineers.\" \/>\n<meta property=\"og:url\" content=\"https:\/\/northroyalrenovation.com\/fr\/house-extension\/\" \/>\n<meta property=\"og:site_name\" content=\"North Royal Renovation\" \/>\n<meta property=\"article:publisher\" content=\"https:\/\/www.facebook.com\/northroyalrenovation\/\" \/>\n<meta property=\"article:modified_time\" content=\"2025-03-25T17:31:22+00:00\" \/>\n<meta property=\"og:image\" content=\"https:\/\/northroyalrenovation.com\/wp-content\/uploads\/2022\/07\/Patio-northroyal-exterior-1-1024x683.png\" \/>\n\t<meta property=\"og:image:width\" content=\"1024\" \/>\n\t<meta property=\"og:image:height\" content=\"683\" \/>\n\t<meta property=\"og:image:type\" content=\"image\/png\" \/>\n<meta name=\"twitter:card\" content=\"summary_large_image\" \/>\n<meta name=\"twitter:site\" content=\"@NorthRoyalReno\" \/>\n<meta name=\"twitter:label1\" content=\"Estimation du temps de lecture\" \/>\n\t<meta name=\"twitter:data1\" content=\"1 minute\" \/>\n<script type=\"application\/ld+json\" class=\"yoast-schema-graph\">{\"@context\":\"https:\/\/schema.org\",\"@graph\":[{\"@type\":\"WebPage\",\"@id\":\"https:\/\/northroyalrenovation.com\/house-extension\/\",\"url\":\"https:\/\/northroyalrenovation.com\/house-extension\/\",\"name\":\"House Extension | Montreal\",\"isPartOf\":{\"@id\":\"https:\/\/northroyalrenovation.com\/#website\"},\"primaryImageOfPage\":{\"@id\":\"https:\/\/northroyalrenovation.com\/house-extension\/#primaryimage\"},\"image\":{\"@id\":\"https:\/\/northroyalrenovation.com\/house-extension\/#primaryimage\"},\"thumbnailUrl\":\"http:\/\/northroyalrenovation.com\/wp-content\/uploads\/2022\/07\/Patio-northroyal-exterior-1-1024x683.png\",\"datePublished\":\"2025-01-27T01:36:24+00:00\",\"dateModified\":\"2025-03-25T17:31:22+00:00\",\"description\":\"Looking to expand or enlarge your home? Choose North Royal Renovation for the expertise of our skilled architects, designers, and engineers.\",\"breadcrumb\":{\"@id\":\"https:\/\/northroyalrenovation.com\/house-extension\/#breadcrumb\"},\"inLanguage\":\"fr-CA\",\"potentialAction\":[{\"@type\":\"ReadAction\",\"target\":[\"https:\/\/northroyalrenovation.com\/house-extension\/\"]}]},{\"@type\":\"ImageObject\",\"inLanguage\":\"fr-CA\",\"@id\":\"https:\/\/northroyalrenovation.com\/house-extension\/#primaryimage\",\"url\":\"http:\/\/northroyalrenovation.com\/wp-content\/uploads\/2022\/07\/Patio-northroyal-exterior-1-1024x683.png\",\"contentUrl\":\"http:\/\/northroyalrenovation.com\/wp-content\/uploads\/2022\/07\/Patio-northroyal-exterior-1-1024x683.png\"},{\"@type\":\"BreadcrumbList\",\"@id\":\"https:\/\/northroyalrenovation.com\/house-extension\/#breadcrumb\",\"itemListElement\":[{\"@type\":\"ListItem\",\"position\":1,\"name\":\"Home\",\"item\":\"https:\/\/northroyalrenovation.com\/\"},{\"@type\":\"ListItem\",\"position\":2,\"name\":\"House Extension\"}]},{\"@type\":\"WebSite\",\"@id\":\"https:\/\/northroyalrenovation.com\/#website\",\"url\":\"https:\/\/northroyalrenovation.com\/\",\"name\":\"North Royal Renovation\",\"description\":\"\",\"publisher\":{\"@id\":\"https:\/\/northroyalrenovation.com\/#organization\"},\"potentialAction\":[{\"@type\":\"SearchAction\",\"target\":{\"@type\":\"EntryPoint\",\"urlTemplate\":\"https:\/\/northroyalrenovation.com\/?s={search_term_string}\"},\"query-input\":{\"@type\":\"PropertyValueSpecification\",\"valueRequired\":true,\"valueName\":\"search_term_string\"}}],\"inLanguage\":\"fr-CA\"},{\"@type\":\"Organization\",\"@id\":\"https:\/\/northroyalrenovation.com\/#organization\",\"name\":\"North Royal Renovation\",\"url\":\"https:\/\/northroyalrenovation.com\/\",\"logo\":{\"@type\":\"ImageObject\",\"inLanguage\":\"fr-CA\",\"@id\":\"https:\/\/northroyalrenovation.com\/#\/schema\/logo\/image\/\",\"url\":\"https:\/\/northroyalrenovation.com\/wp-content\/uploads\/2022\/07\/Screenshot-27-removebg-preview.png\",\"contentUrl\":\"https:\/\/northroyalrenovation.com\/wp-content\/uploads\/2022\/07\/Screenshot-27-removebg-preview.png\",\"width\":404,\"height\":153,\"caption\":\"North Royal Renovation\"},\"image\":{\"@id\":\"https:\/\/northroyalrenovation.com\/#\/schema\/logo\/image\/\"},\"sameAs\":[\"https:\/\/www.facebook.com\/northroyalrenovation\/\",\"https:\/\/x.com\/NorthRoyalReno\"]}]}<\/script>\n<!-- \/ Yoast SEO plugin. -->","yoast_head_json":{"title":"House Extension | Montreal","description":"Looking to expand or enlarge your home? Choose North Royal Renovation for the expertise of our skilled architects, designers, and engineers.","robots":{"index":"index","follow":"follow","max-snippet":"max-snippet:-1","max-image-preview":"max-image-preview:large","max-video-preview":"max-video-preview:-1"},"canonical":"https:\/\/northroyalrenovation.com\/fr\/house-extension\/","og_locale":"fr_CA","og_type":"article","og_title":"House Extension | Montreal","og_description":"Looking to expand or enlarge your home? Choose North Royal Renovation for the expertise of our skilled architects, designers, and engineers.","og_url":"https:\/\/northroyalrenovation.com\/fr\/house-extension\/","og_site_name":"North Royal Renovation","article_publisher":"https:\/\/www.facebook.com\/northroyalrenovation\/","article_modified_time":"2025-03-25T17:31:22+00:00","og_image":[{"width":1024,"height":683,"url":"https:\/\/northroyalrenovation.com\/wp-content\/uploads\/2022\/07\/Patio-northroyal-exterior-1-1024x683.png","type":"image\/png"}],"twitter_card":"summary_large_image","twitter_site":"@NorthRoyalReno","twitter_misc":{"Estimation du temps de lecture":"1 minute"},"schema":{"@context":"https:\/\/schema.org","@graph":[{"@type":"WebPage","@id":"https:\/\/northroyalrenovation.com\/house-extension\/","url":"https:\/\/northroyalrenovation.com\/house-extension\/","name":"House Extension | Montreal","isPartOf":{"@id":"https:\/\/northroyalrenovation.com\/#website"},"primaryImageOfPage":{"@id":"https:\/\/northroyalrenovation.com\/house-extension\/#primaryimage"},"image":{"@id":"https:\/\/northroyalrenovation.com\/house-extension\/#primaryimage"},"thumbnailUrl":"http:\/\/northroyalrenovation.com\/wp-content\/uploads\/2022\/07\/Patio-northroyal-exterior-1-1024x683.png","datePublished":"2025-01-27T01:36:24+00:00","dateModified":"2025-03-25T17:31:22+00:00","description":"Looking to expand or enlarge your home? Choose North Royal Renovation for the expertise of our skilled architects, designers, and engineers.","breadcrumb":{"@id":"https:\/\/northroyalrenovation.com\/house-extension\/#breadcrumb"},"inLanguage":"fr-CA","potentialAction":[{"@type":"ReadAction","target":["https:\/\/northroyalrenovation.com\/house-extension\/"]}]},{"@type":"ImageObject","inLanguage":"fr-CA","@id":"https:\/\/northroyalrenovation.com\/house-extension\/#primaryimage","url":"http:\/\/northroyalrenovation.com\/wp-content\/uploads\/2022\/07\/Patio-northroyal-exterior-1-1024x683.png","contentUrl":"http:\/\/northroyalrenovation.com\/wp-content\/uploads\/2022\/07\/Patio-northroyal-exterior-1-1024x683.png"},{"@type":"BreadcrumbList","@id":"https:\/\/northroyalrenovation.com\/house-extension\/#breadcrumb","itemListElement":[{"@type":"ListItem","position":1,"name":"Home","item":"https:\/\/northroyalrenovation.com\/"},{"@type":"ListItem","position":2,"name":"House Extension"}]},{"@type":"WebSite","@id":"https:\/\/northroyalrenovation.com\/#website","url":"https:\/\/northroyalrenovation.com\/","name":"North Royal Renovation","description":"","publisher":{"@id":"https:\/\/northroyalrenovation.com\/#organization"},"potentialAction":[{"@type":"SearchAction","target":{"@type":"EntryPoint","urlTemplate":"https:\/\/northroyalrenovation.com\/?s={search_term_string}"},"query-input":{"@type":"PropertyValueSpecification","valueRequired":true,"valueName":"search_term_string"}}],"inLanguage":"fr-CA"},{"@type":"Organization","@id":"https:\/\/northroyalrenovation.com\/#organization","name":"North Royal Renovation","url":"https:\/\/northroyalrenovation.com\/","logo":{"@type":"ImageObject","inLanguage":"fr-CA","@id":"https:\/\/northroyalrenovation.com\/#\/schema\/logo\/image\/","url":"https:\/\/northroyalrenovation.com\/wp-content\/uploads\/2022\/07\/Screenshot-27-removebg-preview.png","contentUrl":"https:\/\/northroyalrenovation.com\/wp-content\/uploads\/2022\/07\/Screenshot-27-removebg-preview.png","width":404,"height":153,"caption":"North Royal Renovation"},"image":{"@id":"https:\/\/northroyalrenovation.com\/#\/schema\/logo\/image\/"},"sameAs":["https:\/\/www.facebook.com\/northroyalrenovation\/","https:\/\/x.com\/NorthRoyalReno"]}]}},"uagb_featured_image_src":{"full":false,"thumbnail":false,"medium":false,"medium_large":false,"large":false,"1536x1536":false,"2048x2048":false,"trp-custom-language-flag":false},"uagb_author_info":{"display_name":"developer","author_link":"https:\/\/northroyalrenovation.com\/fr\/author\/developer\/"},"uagb_comment_info":0,"uagb_excerpt":"House Extension Extensions can add square footage without altering the home\u2019s footprint. Common types include Balconies, terraces, basements, or additional rooms. Home additions increase living space and include extensions, porches, or garages. Considerations for Extensions: Types of Additions: Room additions: Walk-in closets, patios, sunrooms, or infill walls.Bungalows: Popular options include master bedrooms, offices, or dining&hellip;","_links":{"self":[{"href":"https:\/\/northroyalrenovation.com\/fr\/wp-json\/wp\/v2\/pages\/2276","targetHints":{"allow":["GET"]}}],"collection":[{"href":"https:\/\/northroyalrenovation.com\/fr\/wp-json\/wp\/v2\/pages"}],"about":[{"href":"https:\/\/northroyalrenovation.com\/fr\/wp-json\/wp\/v2\/types\/page"}],"author":[{"embeddable":true,"href":"https:\/\/northroyalrenovation.com\/fr\/wp-json\/wp\/v2\/users\/1"}],"replies":[{"embeddable":true,"href":"https:\/\/northroyalrenovation.com\/fr\/wp-json\/wp\/v2\/comments?post=2276"}],"version-history":[{"count":14,"href":"https:\/\/northroyalrenovation.com\/fr\/wp-json\/wp\/v2\/pages\/2276\/revisions"}],"predecessor-version":[{"id":3318,"href":"https:\/\/northroyalrenovation.com\/fr\/wp-json\/wp\/v2\/pages\/2276\/revisions\/3318"}],"wp:attachment":[{"href":"https:\/\/northroyalrenovation.com\/fr\/wp-json\/wp\/v2\/media?parent=2276"}],"curies":[{"name":"wp","href":"https:\/\/api.w.org\/{rel}","templated":true}]}}