{"id":2245,"date":"2025-01-23T18:53:38","date_gmt":"2025-01-23T18:53:38","guid":{"rendered":"https:\/\/northroyalrenovation.com\/?page_id=2245"},"modified":"2025-03-20T14:14:07","modified_gmt":"2025-03-20T14:14:07","slug":"excavation","status":"publish","type":"page","link":"https:\/\/northroyalrenovation.com\/fr\/excavation\/","title":{"rendered":"EXCAVATION"},"content":{"rendered":"<div style=\"height:66px\" aria-hidden=\"true\" class=\"wp-block-spacer\"><\/div>\n\n\n\n<p class=\"has-extra-large-font-size\">EXCAVATION<\/p>\n\n\n\n<div class=\"wp-block-media-text is-stacked-on-mobile\"><figure class=\"wp-block-media-text__media\"><img fetchpriority=\"high\" decoding=\"async\" width=\"1024\" height=\"683\" src=\"http:\/\/northroyalrenovation.com\/wp-content\/uploads\/2025\/01\/pexels-asphotograpy-95687-1024x683.jpg\" alt=\"\" class=\"wp-image-2051 size-full\" srcset=\"https:\/\/northroyalrenovation.com\/wp-content\/uploads\/2025\/01\/pexels-asphotograpy-95687-1024x683.jpg 1024w, https:\/\/northroyalrenovation.com\/wp-content\/uploads\/2025\/01\/pexels-asphotograpy-95687-300x200.jpg 300w, https:\/\/northroyalrenovation.com\/wp-content\/uploads\/2025\/01\/pexels-asphotograpy-95687-768x512.jpg 768w, https:\/\/northroyalrenovation.com\/wp-content\/uploads\/2025\/01\/pexels-asphotograpy-95687-1536x1024.jpg 1536w, https:\/\/northroyalrenovation.com\/wp-content\/uploads\/2025\/01\/pexels-asphotograpy-95687-2048x1365.jpg 2048w, https:\/\/northroyalrenovation.com\/wp-content\/uploads\/2025\/01\/pexels-asphotograpy-95687-18x12.jpg 18w\" sizes=\"(max-width: 1024px) 100vw, 1024px\" \/><\/figure><div class=\"wp-block-media-text__content\">\n<p>Les excavations sont utilis\u00e9es pour creuser un trou dans le sol afin de construire une structure. <\/p>\n<\/div><\/div>\n\n\n\n<div style=\"height:100px\" aria-hidden=\"true\" class=\"wp-block-spacer\"><\/div>\n\n\n\n<h3 class=\"wp-block-heading\">Importance of Safety and Environmental Considerations<\/h3>\n\n\n\n<p>Les entreprises d'excavation doivent donner la priorit\u00e9 \u00e0 la s\u00e9curit\u00e9 afin de cr\u00e9er un environnement s\u00fbr pour les personnes et les animaux. En outre, elles doivent veiller \u00e0 ce que leur travail ne nuise pas aux ressources naturelles et ne provoque pas de pollution de l'environnement.<\/p>\n\n\n\n<h3 class=\"wp-block-heading\">Five Amazing Use Cases of Excavation<\/h3>\n\n\n\n<p>Pourquoi est-il important de faire des fouilles ?<\/p>\n\n\n\n<ol start=\"1\" class=\"wp-block-list\">\n<li class=\"translation-block\"><strong>Protection contre les inondations et barrages <\/strong>: L'excavation est essentielle pour cr\u00e9er des syst\u00e8mes de protection contre les inondations ou des barrages.<\/li>\n\n\n\n<li><strong>D\u00e9molition de b\u00e2timents<\/strong>L'excavation facilite la destruction des structures en enlevant les \u00e9l\u00e9ments de soutien.<\/li>\n\n\n\n<li><strong>Pour la construction d'une tranch\u00e9e<\/strong>: Comprend le creusement, le dynamitage, l'installation de syst\u00e8mes de drainage et la pose de dalles de b\u00e9ton.<\/li>\n\n\n\n<li><strong>Murs de sout\u00e8nement et fondations<\/strong>: Construire des semelles, couler du b\u00e9ton et mettre en place des coffrages.<\/li>\n\n\n\n<li><strong>Jusqu'au remblayage avec des mat\u00e9riaux<\/strong>: Utilisation de roches et de terre v\u00e9g\u00e9tale pour compl\u00e9ter les sites.<\/li>\n\n\n\n<li><strong>Installation de services publics souterrains<\/strong>: \u00c9gouts, gaz, \u00e9lectricit\u00e9, eau et c\u00e2bles.<\/li>\n\n\n\n<li><strong>Pr\u00e9paration du site<\/strong>: Pr\u00e9paration du sol pour l'am\u00e9nagement paysager ou l'ensemencement du gazon.<\/li>\n\n\n\n<li><strong>Cr\u00e9er de l'espace pour les nouveaux b\u00e2timents<\/strong>: L'enl\u00e8vement de terre ou de roches permet de cr\u00e9er l'espace n\u00e9cessaire \u00e0 la construction de nouvelles structures.<\/li>\n<\/ol>\n\n\n\n<h3 class=\"wp-block-heading\">Reducing Groundwater Pollution with Excavation<\/h3>\n\n\n\n<p>Montr\u00e9al, ville dens\u00e9ment peupl\u00e9e et sujette aux inondations, n\u00e9cessite une planification minutieuse des travaux d'excavation. L'excavation peut att\u00e9nuer la pollution des eaux souterraines en \u00e9liminant les contaminants et en r\u00e9duisant la pression sur les aquif\u00e8res. Les m\u00e9thodes utilis\u00e9es sont les suivantes :<\/p>\n\n\n\n<ul class=\"wp-block-list\">\n<li>Fosses et syst\u00e8mes septiques<\/li>\n\n\n\n<li>Forage de puits d'eau souterraine<\/li>\n\n\n\n<li>Proc\u00e9d\u00e9s de d\u00e9shydratation<\/li>\n\n\n\n<li>M\u00e9thodes de remblayage<\/li>\n<\/ul>\n\n\n\n<div style=\"height:100px\" aria-hidden=\"true\" class=\"wp-block-spacer\"><\/div>\n\n\n\n<div class=\"wp-block-buttons is-layout-flex wp-block-buttons-is-layout-flex\">\n<div class=\"wp-block-button\"><a class=\"wp-block-button__link has-tertiary-color has-text-color has-link-color wp-element-button\" href=\"https:\/\/northroyalrenovation.com\/fr\/contact-us\/\">Obtenir une consultation<\/a><\/div>\n<\/div>\n\n\n\n<div style=\"height:100px\" aria-hidden=\"true\" class=\"wp-block-spacer\"><\/div>\n\n\n\n<p><\/p>","protected":false},"excerpt":{"rendered":"<p>Excavation Excavations are used to dig a hole in the ground to build a structure. Importance of Safety and Environmental Considerations Excavation companies must prioritize safety to create a secure environment for people and animals. Additionally, they must ensure their work does not harm natural resources or cause environmental pollution. Five Amazing Use Cases of [&hellip;]<\/p>","protected":false},"author":1,"featured_media":0,"parent":0,"menu_order":0,"comment_status":"closed","ping_status":"closed","template":"wp-custom-template-excavation-template","meta":{"om_disable_all_campaigns":false,"_uag_custom_page_level_css":"","_monsterinsights_skip_tracking":false,"_monsterinsights_sitenote_active":false,"_monsterinsights_sitenote_note":"","_monsterinsights_sitenote_category":0,"footnotes":""},"class_list":["post-2245","page","type-page","status-publish","hentry"],"yoast_head":"<!-- This site is optimized with the Yoast SEO plugin v25.0 - https:\/\/yoast.com\/wordpress\/plugins\/seo\/ -->\n<title>Excavation - Get A Quotation Today North Royal Renovation | Montreal<\/title>\n<meta name=\"description\" content=\"We offer professional excavation services in Montreal, guiding our clients through every stage of the process, from planning to site cleanup.\" \/>\n<meta name=\"robots\" content=\"index, follow, max-snippet:-1, max-image-preview:large, max-video-preview:-1\" \/>\n<link rel=\"canonical\" href=\"https:\/\/northroyalrenovation.com\/fr\/excavation\/\" \/>\n<meta property=\"og:locale\" content=\"fr_CA\" \/>\n<meta property=\"og:type\" content=\"article\" \/>\n<meta property=\"og:title\" content=\"Excavation - Get A Quotation Today North Royal Renovation | Montreal\" \/>\n<meta property=\"og:description\" content=\"We offer professional excavation services in Montreal, guiding our clients through every stage of the process, from planning to site cleanup.\" \/>\n<meta property=\"og:url\" content=\"https:\/\/northroyalrenovation.com\/fr\/excavation\/\" \/>\n<meta property=\"og:site_name\" content=\"North Royal Renovation\" \/>\n<meta property=\"article:publisher\" content=\"https:\/\/www.facebook.com\/northroyalrenovation\/\" \/>\n<meta property=\"article:modified_time\" content=\"2025-03-20T14:14:07+00:00\" \/>\n<meta property=\"og:image\" content=\"https:\/\/northroyalrenovation.com\/wp-content\/uploads\/2025\/01\/pexels-asphotograpy-95687-scaled.jpg\" \/>\n\t<meta property=\"og:image:width\" content=\"2560\" \/>\n\t<meta property=\"og:image:height\" content=\"1707\" \/>\n\t<meta property=\"og:image:type\" content=\"image\/jpeg\" \/>\n<meta name=\"twitter:card\" content=\"summary_large_image\" \/>\n<meta name=\"twitter:site\" content=\"@NorthRoyalReno\" \/>\n<meta name=\"twitter:label1\" content=\"Estimation du temps de lecture\" \/>\n\t<meta name=\"twitter:data1\" content=\"2 minutes\" \/>\n<script type=\"application\/ld+json\" class=\"yoast-schema-graph\">{\"@context\":\"https:\/\/schema.org\",\"@graph\":[{\"@type\":\"WebPage\",\"@id\":\"https:\/\/northroyalrenovation.com\/excavation\/\",\"url\":\"https:\/\/northroyalrenovation.com\/excavation\/\",\"name\":\"Excavation - Get A Quotation Today North Royal Renovation | Montreal\",\"isPartOf\":{\"@id\":\"https:\/\/northroyalrenovation.com\/#website\"},\"primaryImageOfPage\":{\"@id\":\"https:\/\/northroyalrenovation.com\/excavation\/#primaryimage\"},\"image\":{\"@id\":\"https:\/\/northroyalrenovation.com\/excavation\/#primaryimage\"},\"thumbnailUrl\":\"http:\/\/northroyalrenovation.com\/wp-content\/uploads\/2025\/01\/pexels-asphotograpy-95687-1024x683.jpg\",\"datePublished\":\"2025-01-23T18:53:38+00:00\",\"dateModified\":\"2025-03-20T14:14:07+00:00\",\"description\":\"We offer professional excavation services in Montreal, guiding our clients through every stage of the process, from planning to site cleanup.\",\"breadcrumb\":{\"@id\":\"https:\/\/northroyalrenovation.com\/excavation\/#breadcrumb\"},\"inLanguage\":\"fr-CA\",\"potentialAction\":[{\"@type\":\"ReadAction\",\"target\":[\"https:\/\/northroyalrenovation.com\/excavation\/\"]}]},{\"@type\":\"ImageObject\",\"inLanguage\":\"fr-CA\",\"@id\":\"https:\/\/northroyalrenovation.com\/excavation\/#primaryimage\",\"url\":\"http:\/\/northroyalrenovation.com\/wp-content\/uploads\/2025\/01\/pexels-asphotograpy-95687-1024x683.jpg\",\"contentUrl\":\"http:\/\/northroyalrenovation.com\/wp-content\/uploads\/2025\/01\/pexels-asphotograpy-95687-1024x683.jpg\"},{\"@type\":\"BreadcrumbList\",\"@id\":\"https:\/\/northroyalrenovation.com\/excavation\/#breadcrumb\",\"itemListElement\":[{\"@type\":\"ListItem\",\"position\":1,\"name\":\"Home\",\"item\":\"https:\/\/northroyalrenovation.com\/\"},{\"@type\":\"ListItem\",\"position\":2,\"name\":\"Excavation\"}]},{\"@type\":\"WebSite\",\"@id\":\"https:\/\/northroyalrenovation.com\/#website\",\"url\":\"https:\/\/northroyalrenovation.com\/\",\"name\":\"North Royal Renovation\",\"description\":\"\",\"publisher\":{\"@id\":\"https:\/\/northroyalrenovation.com\/#organization\"},\"potentialAction\":[{\"@type\":\"SearchAction\",\"target\":{\"@type\":\"EntryPoint\",\"urlTemplate\":\"https:\/\/northroyalrenovation.com\/?s={search_term_string}\"},\"query-input\":{\"@type\":\"PropertyValueSpecification\",\"valueRequired\":true,\"valueName\":\"search_term_string\"}}],\"inLanguage\":\"fr-CA\"},{\"@type\":\"Organization\",\"@id\":\"https:\/\/northroyalrenovation.com\/#organization\",\"name\":\"North Royal Renovation\",\"url\":\"https:\/\/northroyalrenovation.com\/\",\"logo\":{\"@type\":\"ImageObject\",\"inLanguage\":\"fr-CA\",\"@id\":\"https:\/\/northroyalrenovation.com\/#\/schema\/logo\/image\/\",\"url\":\"https:\/\/northroyalrenovation.com\/wp-content\/uploads\/2022\/07\/Screenshot-27-removebg-preview.png\",\"contentUrl\":\"https:\/\/northroyalrenovation.com\/wp-content\/uploads\/2022\/07\/Screenshot-27-removebg-preview.png\",\"width\":404,\"height\":153,\"caption\":\"North Royal Renovation\"},\"image\":{\"@id\":\"https:\/\/northroyalrenovation.com\/#\/schema\/logo\/image\/\"},\"sameAs\":[\"https:\/\/www.facebook.com\/northroyalrenovation\/\",\"https:\/\/x.com\/NorthRoyalReno\"]}]}<\/script>\n<!-- \/ Yoast SEO plugin. -->","yoast_head_json":{"title":"Excavation - Get A Quotation Today North Royal Renovation | Montreal","description":"We offer professional excavation services in Montreal, guiding our clients through every stage of the process, from planning to site cleanup.","robots":{"index":"index","follow":"follow","max-snippet":"max-snippet:-1","max-image-preview":"max-image-preview:large","max-video-preview":"max-video-preview:-1"},"canonical":"https:\/\/northroyalrenovation.com\/fr\/excavation\/","og_locale":"fr_CA","og_type":"article","og_title":"Excavation - Get A Quotation Today North Royal Renovation | Montreal","og_description":"We offer professional excavation services in Montreal, guiding our clients through every stage of the process, from planning to site cleanup.","og_url":"https:\/\/northroyalrenovation.com\/fr\/excavation\/","og_site_name":"North Royal Renovation","article_publisher":"https:\/\/www.facebook.com\/northroyalrenovation\/","article_modified_time":"2025-03-20T14:14:07+00:00","og_image":[{"width":2560,"height":1707,"url":"https:\/\/northroyalrenovation.com\/wp-content\/uploads\/2025\/01\/pexels-asphotograpy-95687-scaled.jpg","type":"image\/jpeg"}],"twitter_card":"summary_large_image","twitter_site":"@NorthRoyalReno","twitter_misc":{"Estimation du temps de lecture":"2 minutes"},"schema":{"@context":"https:\/\/schema.org","@graph":[{"@type":"WebPage","@id":"https:\/\/northroyalrenovation.com\/excavation\/","url":"https:\/\/northroyalrenovation.com\/excavation\/","name":"Excavation - Get A Quotation Today North Royal Renovation | Montreal","isPartOf":{"@id":"https:\/\/northroyalrenovation.com\/#website"},"primaryImageOfPage":{"@id":"https:\/\/northroyalrenovation.com\/excavation\/#primaryimage"},"image":{"@id":"https:\/\/northroyalrenovation.com\/excavation\/#primaryimage"},"thumbnailUrl":"http:\/\/northroyalrenovation.com\/wp-content\/uploads\/2025\/01\/pexels-asphotograpy-95687-1024x683.jpg","datePublished":"2025-01-23T18:53:38+00:00","dateModified":"2025-03-20T14:14:07+00:00","description":"We offer professional excavation services in Montreal, guiding our clients through every stage of the process, from planning to site cleanup.","breadcrumb":{"@id":"https:\/\/northroyalrenovation.com\/excavation\/#breadcrumb"},"inLanguage":"fr-CA","potentialAction":[{"@type":"ReadAction","target":["https:\/\/northroyalrenovation.com\/excavation\/"]}]},{"@type":"ImageObject","inLanguage":"fr-CA","@id":"https:\/\/northroyalrenovation.com\/excavation\/#primaryimage","url":"http:\/\/northroyalrenovation.com\/wp-content\/uploads\/2025\/01\/pexels-asphotograpy-95687-1024x683.jpg","contentUrl":"http:\/\/northroyalrenovation.com\/wp-content\/uploads\/2025\/01\/pexels-asphotograpy-95687-1024x683.jpg"},{"@type":"BreadcrumbList","@id":"https:\/\/northroyalrenovation.com\/excavation\/#breadcrumb","itemListElement":[{"@type":"ListItem","position":1,"name":"Home","item":"https:\/\/northroyalrenovation.com\/"},{"@type":"ListItem","position":2,"name":"Excavation"}]},{"@type":"WebSite","@id":"https:\/\/northroyalrenovation.com\/#website","url":"https:\/\/northroyalrenovation.com\/","name":"North Royal Renovation","description":"","publisher":{"@id":"https:\/\/northroyalrenovation.com\/#organization"},"potentialAction":[{"@type":"SearchAction","target":{"@type":"EntryPoint","urlTemplate":"https:\/\/northroyalrenovation.com\/?s={search_term_string}"},"query-input":{"@type":"PropertyValueSpecification","valueRequired":true,"valueName":"search_term_string"}}],"inLanguage":"fr-CA"},{"@type":"Organization","@id":"https:\/\/northroyalrenovation.com\/#organization","name":"North Royal Renovation","url":"https:\/\/northroyalrenovation.com\/","logo":{"@type":"ImageObject","inLanguage":"fr-CA","@id":"https:\/\/northroyalrenovation.com\/#\/schema\/logo\/image\/","url":"https:\/\/northroyalrenovation.com\/wp-content\/uploads\/2022\/07\/Screenshot-27-removebg-preview.png","contentUrl":"https:\/\/northroyalrenovation.com\/wp-content\/uploads\/2022\/07\/Screenshot-27-removebg-preview.png","width":404,"height":153,"caption":"North Royal Renovation"},"image":{"@id":"https:\/\/northroyalrenovation.com\/#\/schema\/logo\/image\/"},"sameAs":["https:\/\/www.facebook.com\/northroyalrenovation\/","https:\/\/x.com\/NorthRoyalReno"]}]}},"uagb_featured_image_src":{"full":false,"thumbnail":false,"medium":false,"medium_large":false,"large":false,"1536x1536":false,"2048x2048":false,"trp-custom-language-flag":false},"uagb_author_info":{"display_name":"developer","author_link":"https:\/\/northroyalrenovation.com\/fr\/author\/developer\/"},"uagb_comment_info":0,"uagb_excerpt":"Excavation Excavations are used to dig a hole in the ground to build a structure. Importance of Safety and Environmental Considerations Excavation companies must prioritize safety to create a secure environment for people and animals. Additionally, they must ensure their work does not harm natural resources or cause environmental pollution. Five Amazing Use Cases of&hellip;","_links":{"self":[{"href":"https:\/\/northroyalrenovation.com\/fr\/wp-json\/wp\/v2\/pages\/2245","targetHints":{"allow":["GET"]}}],"collection":[{"href":"https:\/\/northroyalrenovation.com\/fr\/wp-json\/wp\/v2\/pages"}],"about":[{"href":"https:\/\/northroyalrenovation.com\/fr\/wp-json\/wp\/v2\/types\/page"}],"author":[{"embeddable":true,"href":"https:\/\/northroyalrenovation.com\/fr\/wp-json\/wp\/v2\/users\/1"}],"replies":[{"embeddable":true,"href":"https:\/\/northroyalrenovation.com\/fr\/wp-json\/wp\/v2\/comments?post=2245"}],"version-history":[{"count":9,"href":"https:\/\/northroyalrenovation.com\/fr\/wp-json\/wp\/v2\/pages\/2245\/revisions"}],"predecessor-version":[{"id":3159,"href":"https:\/\/northroyalrenovation.com\/fr\/wp-json\/wp\/v2\/pages\/2245\/revisions\/3159"}],"wp:attachment":[{"href":"https:\/\/northroyalrenovation.com\/fr\/wp-json\/wp\/v2\/media?parent=2245"}],"curies":[{"name":"wp","href":"https:\/\/api.w.org\/{rel}","templated":true}]}}