{"id":2215,"date":"2025-01-23T16:48:10","date_gmt":"2025-01-23T16:48:10","guid":{"rendered":"https:\/\/northroyalrenovation.com\/?page_id=2215"},"modified":"2025-03-20T14:25:39","modified_gmt":"2025-03-20T14:25:39","slug":"painting","status":"publish","type":"page","link":"https:\/\/northroyalrenovation.com\/fr\/painting\/","title":{"rendered":"Peinture"},"content":{"rendered":"<div style=\"height:54px\" aria-hidden=\"true\" class=\"wp-block-spacer\"><\/div>\n\n\n\n<p class=\"has-body-text-color has-text-color has-link-color has-extra-large-font-size wp-elements-e7e33a4b009a3dbdfbb636214d53e57b\">Peinture Murale<\/p>\n\n\n\n<div class=\"wp-block-media-text is-stacked-on-mobile\"><figure class=\"wp-block-media-text__media\"><img fetchpriority=\"high\" decoding=\"async\" width=\"1022\" height=\"768\" src=\"https:\/\/northroyalrenovation.com\/wp-content\/uploads\/2022\/02\/northroyal-renovation-interior-repair-balcony-wood-celing.webp\" alt=\"\" class=\"wp-image-243 size-full\" srcset=\"https:\/\/northroyalrenovation.com\/wp-content\/uploads\/2022\/02\/northroyal-renovation-interior-repair-balcony-wood-celing.webp 1022w, https:\/\/northroyalrenovation.com\/wp-content\/uploads\/2022\/02\/northroyal-renovation-interior-repair-balcony-wood-celing-300x225.webp 300w, https:\/\/northroyalrenovation.com\/wp-content\/uploads\/2022\/02\/northroyal-renovation-interior-repair-balcony-wood-celing-768x577.webp 768w\" sizes=\"(max-width: 1022px) 100vw, 1022px\" \/><\/figure><div class=\"wp-block-media-text__content\">\n<p>Peignez votre maison et donnez-lui une nouvelle atmosph\u00e8re color\u00e9e.<\/p>\n<\/div><\/div>\n\n\n\n<div style=\"height:54px\" aria-hidden=\"true\" class=\"wp-block-spacer\"><\/div>\n\n\n\n<p class=\"translation-block\">Vous voulez revitaliser votre maison avec une atmosph\u00e8re fra\u00eeche et color\u00e9e ? Chez <strong> R\u00e9novation Nord-Royal Montr\u00e9al<\/strong>, notre \u00e9quipe de peintres qualifi\u00e9s transformera votre espace en un havre de paix vibrant et invitant. Nous sommes sp\u00e9cialis\u00e9s dans une vari\u00e9t\u00e9 de peintures et de finitions et offrons des services sur mesure pour d\u00e9passer vos attentes.<\/p>\n\n\n\n<h3 class=\"wp-block-heading\">Why Choose Professional Painters?<\/h3>\n\n\n\n<p>La peinture est \u00e0 la fois un art et une comp\u00e9tence. Bien qu'il s'agisse d'une t\u00e2che de bricolage, le recours \u00e0 des professionnels garantit l'efficacit\u00e9, la qualit\u00e9 et une finition impeccable. Les peintres exp\u00e9riment\u00e9s apportent :<\/p>\n\n\n\n<ul class=\"wp-block-list\">\n<li><strong>Expertise cr\u00e9ative<\/strong>: Au-del\u00e0 des murs et des plafonds, ils peuvent aider \u00e0 la conception de meubles ou \u00e0 la d\u00e9coration de jardins.<\/li>\n\n\n\n<li><strong>Outils avanc\u00e9s<\/strong>: Des brosses aux nettoyeurs \u00e0 haute pression, pour que chaque surface soit impeccable.<\/li>\n\n\n\n<li><strong>Techniques sp\u00e9cialis\u00e9es<\/strong>: Pour des r\u00e9sultats durables et \u00e9tonnants.<\/li>\n<\/ul>\n\n\n\n<h3 class=\"wp-block-heading\">The Painting Industry in Montreal<\/h3>\n\n\n\n<h3 class=\"wp-block-heading has-text-link-color has-text-color has-link-color has-montserrat-font-family wp-elements-f64cf9d5e297ff2c39aa244e3a6a9ef7\">Services We Offer<\/h3>\n\n\n\n<ul class=\"wp-block-list\">\n<li><strong>Peinture int\u00e9rieure et ext\u00e9rieure<\/strong>: Des maisons douillettes aux grandes propri\u00e9t\u00e9s commerciales.<\/li>\n\n\n\n<li><strong>Compl\u00e9ments<\/strong>: Nettoyage des vitres et entretien des goutti\u00e8res.<\/li>\n<\/ul>\n\n\n\n<h3 class=\"wp-block-heading\"><\/h3>\n\n\n\n<div class=\"wp-block-buttons is-layout-flex wp-block-buttons-is-layout-flex\">\n<div class=\"wp-block-button\"><a class=\"wp-block-button__link has-tertiary-color has-text-color has-link-color wp-element-button\" href=\"https:\/\/northroyalrenovation.com\/fr\/contact-us\/\">Obtenir une consultation<\/a><\/div>\n<\/div>\n\n\n\n<div style=\"height:100px\" aria-hidden=\"true\" class=\"wp-block-spacer\"><\/div>","protected":false},"excerpt":{"rendered":"<p>Wall Painting Paint your house and give it a new colorful atmosphere. Want to revitalize your home with a fresh, colorful atmosphere? At North Royal Renovation Montreal, our skilled painting team will transform your space into a vibrant and inviting haven. We specialize in a variety of paints and finishes, offering tailored services to exceed [&hellip;]<\/p>","protected":false},"author":1,"featured_media":0,"parent":0,"menu_order":0,"comment_status":"closed","ping_status":"closed","template":"wp-custom-template-painting-template","meta":{"om_disable_all_campaigns":false,"_uag_custom_page_level_css":"","_monsterinsights_skip_tracking":false,"_monsterinsights_sitenote_active":false,"_monsterinsights_sitenote_note":"","_monsterinsights_sitenote_category":0,"footnotes":""},"class_list":["post-2215","page","type-page","status-publish","hentry"],"yoast_head":"<!-- This site is optimized with the Yoast SEO plugin v25.0 - https:\/\/yoast.com\/wordpress\/plugins\/seo\/ -->\n<title>Painting | Montreal North Royal Renovation | Get A Quotation Today<\/title>\n<meta name=\"robots\" content=\"index, follow, max-snippet:-1, max-image-preview:large, max-video-preview:-1\" \/>\n<link rel=\"canonical\" href=\"https:\/\/northroyalrenovation.com\/fr\/painting\/\" \/>\n<meta property=\"og:locale\" content=\"fr_CA\" \/>\n<meta property=\"og:type\" content=\"article\" \/>\n<meta property=\"og:title\" content=\"Painting | Montreal North Royal Renovation | Get A Quotation Today\" \/>\n<meta property=\"og:description\" content=\"Wall Painting Paint your house and give it a new colorful atmosphere. Want to revitalize your home with a fresh, colorful atmosphere? At North Royal Renovation Montreal, our skilled painting team will transform your space into a vibrant and inviting haven. We specialize in a variety of paints and finishes, offering tailored services to exceed [&hellip;]\" \/>\n<meta property=\"og:url\" content=\"https:\/\/northroyalrenovation.com\/fr\/painting\/\" \/>\n<meta property=\"og:site_name\" content=\"North Royal Renovation\" \/>\n<meta property=\"article:publisher\" content=\"https:\/\/www.facebook.com\/northroyalrenovation\/\" \/>\n<meta property=\"article:modified_time\" content=\"2025-03-20T14:25:39+00:00\" \/>\n<meta property=\"og:image\" content=\"https:\/\/northroyalrenovation.com\/wp-content\/uploads\/2022\/02\/northroyal-renovation-interior-repair-balcony-wood-celing.webp\" \/>\n\t<meta property=\"og:image:width\" content=\"1022\" \/>\n\t<meta property=\"og:image:height\" content=\"768\" \/>\n\t<meta property=\"og:image:type\" content=\"image\/webp\" \/>\n<meta name=\"twitter:card\" content=\"summary_large_image\" \/>\n<meta name=\"twitter:site\" content=\"@NorthRoyalReno\" \/>\n<meta name=\"twitter:label1\" content=\"Estimation du temps de lecture\" \/>\n\t<meta name=\"twitter:data1\" content=\"1 minute\" \/>\n<script type=\"application\/ld+json\" class=\"yoast-schema-graph\">{\"@context\":\"https:\/\/schema.org\",\"@graph\":[{\"@type\":\"WebPage\",\"@id\":\"https:\/\/northroyalrenovation.com\/painting\/\",\"url\":\"https:\/\/northroyalrenovation.com\/painting\/\",\"name\":\"Painting | Montreal North Royal Renovation | Get A Quotation Today\",\"isPartOf\":{\"@id\":\"https:\/\/northroyalrenovation.com\/#website\"},\"primaryImageOfPage\":{\"@id\":\"https:\/\/northroyalrenovation.com\/painting\/#primaryimage\"},\"image\":{\"@id\":\"https:\/\/northroyalrenovation.com\/painting\/#primaryimage\"},\"thumbnailUrl\":\"https:\/\/northroyalrenovation.com\/wp-content\/uploads\/2022\/02\/northroyal-renovation-interior-repair-balcony-wood-celing.webp\",\"datePublished\":\"2025-01-23T16:48:10+00:00\",\"dateModified\":\"2025-03-20T14:25:39+00:00\",\"breadcrumb\":{\"@id\":\"https:\/\/northroyalrenovation.com\/painting\/#breadcrumb\"},\"inLanguage\":\"fr-CA\",\"potentialAction\":[{\"@type\":\"ReadAction\",\"target\":[\"https:\/\/northroyalrenovation.com\/painting\/\"]}]},{\"@type\":\"ImageObject\",\"inLanguage\":\"fr-CA\",\"@id\":\"https:\/\/northroyalrenovation.com\/painting\/#primaryimage\",\"url\":\"https:\/\/northroyalrenovation.com\/wp-content\/uploads\/2022\/02\/northroyal-renovation-interior-repair-balcony-wood-celing.webp\",\"contentUrl\":\"https:\/\/northroyalrenovation.com\/wp-content\/uploads\/2022\/02\/northroyal-renovation-interior-repair-balcony-wood-celing.webp\"},{\"@type\":\"BreadcrumbList\",\"@id\":\"https:\/\/northroyalrenovation.com\/painting\/#breadcrumb\",\"itemListElement\":[{\"@type\":\"ListItem\",\"position\":1,\"name\":\"Home\",\"item\":\"https:\/\/northroyalrenovation.com\/\"},{\"@type\":\"ListItem\",\"position\":2,\"name\":\"Painting\"}]},{\"@type\":\"WebSite\",\"@id\":\"https:\/\/northroyalrenovation.com\/#website\",\"url\":\"https:\/\/northroyalrenovation.com\/\",\"name\":\"North Royal Renovation\",\"description\":\"\",\"publisher\":{\"@id\":\"https:\/\/northroyalrenovation.com\/#organization\"},\"potentialAction\":[{\"@type\":\"SearchAction\",\"target\":{\"@type\":\"EntryPoint\",\"urlTemplate\":\"https:\/\/northroyalrenovation.com\/?s={search_term_string}\"},\"query-input\":{\"@type\":\"PropertyValueSpecification\",\"valueRequired\":true,\"valueName\":\"search_term_string\"}}],\"inLanguage\":\"fr-CA\"},{\"@type\":\"Organization\",\"@id\":\"https:\/\/northroyalrenovation.com\/#organization\",\"name\":\"North Royal Renovation\",\"url\":\"https:\/\/northroyalrenovation.com\/\",\"logo\":{\"@type\":\"ImageObject\",\"inLanguage\":\"fr-CA\",\"@id\":\"https:\/\/northroyalrenovation.com\/#\/schema\/logo\/image\/\",\"url\":\"https:\/\/northroyalrenovation.com\/wp-content\/uploads\/2022\/07\/Screenshot-27-removebg-preview.png\",\"contentUrl\":\"https:\/\/northroyalrenovation.com\/wp-content\/uploads\/2022\/07\/Screenshot-27-removebg-preview.png\",\"width\":404,\"height\":153,\"caption\":\"North Royal Renovation\"},\"image\":{\"@id\":\"https:\/\/northroyalrenovation.com\/#\/schema\/logo\/image\/\"},\"sameAs\":[\"https:\/\/www.facebook.com\/northroyalrenovation\/\",\"https:\/\/x.com\/NorthRoyalReno\"]}]}<\/script>\n<!-- \/ Yoast SEO plugin. -->","yoast_head_json":{"title":"Painting | Montreal North Royal Renovation | Get A Quotation Today","robots":{"index":"index","follow":"follow","max-snippet":"max-snippet:-1","max-image-preview":"max-image-preview:large","max-video-preview":"max-video-preview:-1"},"canonical":"https:\/\/northroyalrenovation.com\/fr\/painting\/","og_locale":"fr_CA","og_type":"article","og_title":"Painting | Montreal North Royal Renovation | Get A Quotation Today","og_description":"Wall Painting Paint your house and give it a new colorful atmosphere. Want to revitalize your home with a fresh, colorful atmosphere? At North Royal Renovation Montreal, our skilled painting team will transform your space into a vibrant and inviting haven. We specialize in a variety of paints and finishes, offering tailored services to exceed [&hellip;]","og_url":"https:\/\/northroyalrenovation.com\/fr\/painting\/","og_site_name":"North Royal Renovation","article_publisher":"https:\/\/www.facebook.com\/northroyalrenovation\/","article_modified_time":"2025-03-20T14:25:39+00:00","og_image":[{"width":1022,"height":768,"url":"https:\/\/northroyalrenovation.com\/wp-content\/uploads\/2022\/02\/northroyal-renovation-interior-repair-balcony-wood-celing.webp","type":"image\/webp"}],"twitter_card":"summary_large_image","twitter_site":"@NorthRoyalReno","twitter_misc":{"Estimation du temps de lecture":"1 minute"},"schema":{"@context":"https:\/\/schema.org","@graph":[{"@type":"WebPage","@id":"https:\/\/northroyalrenovation.com\/painting\/","url":"https:\/\/northroyalrenovation.com\/painting\/","name":"Painting | Montreal North Royal Renovation | Get A Quotation Today","isPartOf":{"@id":"https:\/\/northroyalrenovation.com\/#website"},"primaryImageOfPage":{"@id":"https:\/\/northroyalrenovation.com\/painting\/#primaryimage"},"image":{"@id":"https:\/\/northroyalrenovation.com\/painting\/#primaryimage"},"thumbnailUrl":"https:\/\/northroyalrenovation.com\/wp-content\/uploads\/2022\/02\/northroyal-renovation-interior-repair-balcony-wood-celing.webp","datePublished":"2025-01-23T16:48:10+00:00","dateModified":"2025-03-20T14:25:39+00:00","breadcrumb":{"@id":"https:\/\/northroyalrenovation.com\/painting\/#breadcrumb"},"inLanguage":"fr-CA","potentialAction":[{"@type":"ReadAction","target":["https:\/\/northroyalrenovation.com\/painting\/"]}]},{"@type":"ImageObject","inLanguage":"fr-CA","@id":"https:\/\/northroyalrenovation.com\/painting\/#primaryimage","url":"https:\/\/northroyalrenovation.com\/wp-content\/uploads\/2022\/02\/northroyal-renovation-interior-repair-balcony-wood-celing.webp","contentUrl":"https:\/\/northroyalrenovation.com\/wp-content\/uploads\/2022\/02\/northroyal-renovation-interior-repair-balcony-wood-celing.webp"},{"@type":"BreadcrumbList","@id":"https:\/\/northroyalrenovation.com\/painting\/#breadcrumb","itemListElement":[{"@type":"ListItem","position":1,"name":"Home","item":"https:\/\/northroyalrenovation.com\/"},{"@type":"ListItem","position":2,"name":"Painting"}]},{"@type":"WebSite","@id":"https:\/\/northroyalrenovation.com\/#website","url":"https:\/\/northroyalrenovation.com\/","name":"North Royal Renovation","description":"","publisher":{"@id":"https:\/\/northroyalrenovation.com\/#organization"},"potentialAction":[{"@type":"SearchAction","target":{"@type":"EntryPoint","urlTemplate":"https:\/\/northroyalrenovation.com\/?s={search_term_string}"},"query-input":{"@type":"PropertyValueSpecification","valueRequired":true,"valueName":"search_term_string"}}],"inLanguage":"fr-CA"},{"@type":"Organization","@id":"https:\/\/northroyalrenovation.com\/#organization","name":"North Royal Renovation","url":"https:\/\/northroyalrenovation.com\/","logo":{"@type":"ImageObject","inLanguage":"fr-CA","@id":"https:\/\/northroyalrenovation.com\/#\/schema\/logo\/image\/","url":"https:\/\/northroyalrenovation.com\/wp-content\/uploads\/2022\/07\/Screenshot-27-removebg-preview.png","contentUrl":"https:\/\/northroyalrenovation.com\/wp-content\/uploads\/2022\/07\/Screenshot-27-removebg-preview.png","width":404,"height":153,"caption":"North Royal Renovation"},"image":{"@id":"https:\/\/northroyalrenovation.com\/#\/schema\/logo\/image\/"},"sameAs":["https:\/\/www.facebook.com\/northroyalrenovation\/","https:\/\/x.com\/NorthRoyalReno"]}]}},"uagb_featured_image_src":{"full":false,"thumbnail":false,"medium":false,"medium_large":false,"large":false,"1536x1536":false,"2048x2048":false,"trp-custom-language-flag":false},"uagb_author_info":{"display_name":"developer","author_link":"https:\/\/northroyalrenovation.com\/fr\/author\/developer\/"},"uagb_comment_info":0,"uagb_excerpt":"Wall Painting Paint your house and give it a new colorful atmosphere. Want to revitalize your home with a fresh, colorful atmosphere? At North Royal Renovation Montreal, our skilled painting team will transform your space into a vibrant and inviting haven. We specialize in a variety of paints and finishes, offering tailored services to exceed&hellip;","_links":{"self":[{"href":"https:\/\/northroyalrenovation.com\/fr\/wp-json\/wp\/v2\/pages\/2215","targetHints":{"allow":["GET"]}}],"collection":[{"href":"https:\/\/northroyalrenovation.com\/fr\/wp-json\/wp\/v2\/pages"}],"about":[{"href":"https:\/\/northroyalrenovation.com\/fr\/wp-json\/wp\/v2\/types\/page"}],"author":[{"embeddable":true,"href":"https:\/\/northroyalrenovation.com\/fr\/wp-json\/wp\/v2\/users\/1"}],"replies":[{"embeddable":true,"href":"https:\/\/northroyalrenovation.com\/fr\/wp-json\/wp\/v2\/comments?post=2215"}],"version-history":[{"count":9,"href":"https:\/\/northroyalrenovation.com\/fr\/wp-json\/wp\/v2\/pages\/2215\/revisions"}],"predecessor-version":[{"id":3198,"href":"https:\/\/northroyalrenovation.com\/fr\/wp-json\/wp\/v2\/pages\/2215\/revisions\/3198"}],"wp:attachment":[{"href":"https:\/\/northroyalrenovation.com\/fr\/wp-json\/wp\/v2\/media?parent=2215"}],"curies":[{"name":"wp","href":"https:\/\/api.w.org\/{rel}","templated":true}]}}